{"id":319212,"date":"2025-05-13T15:47:58","date_gmt":"2025-05-13T15:47:58","guid":{"rendered":"https:\/\/ishrs.org\/?page_id=319212"},"modified":"2025-06-08T02:21:00","modified_gmt":"2025-06-08T02:21:00","slug":"censo-de-practica-2025","status":"publish","type":"page","link":"https:\/\/ishrs.org\/es\/censo-de-practica-2025\/","title":{"rendered":"Nueva Encuesta Revela Que Adultos M\u00e1s J\u00f3venes Y M\u00e1s Mujeres Buscan Tratamiento Para La P\u00e9rdida De Cabello"},"content":{"rendered":"\n<h3 class=\"wp-block-heading has-text-align-center\">Nueva encuesta revela que adultos m&aacute;s j&oacute;venes y m&aacute;s mujeres<br>buscan tratamiento para la p&eacute;rdida de cabello<\/h3>\n\n<p class=\"has-text-align-center\"><strong><em>El n&uacute;mero manejable de cirug&iacute;as de restauraci&oacute;n capilar mensuales ilustra<\/em> <em>el enfoque pr&aacute;ctico y experto de los miembros de la ISHRS<\/em><\/strong><\/p>\n\n<p>CHICAGO &ndash; 13 de mayo de 2025. Seg&uacute;n los resultados de una <a href=\"https:\/\/ishrs.org\/2025-practice-census\/\" target=\"_blank\" rel=\"noreferrer noopener\">nueva encuesta a miembros <\/a>realizada por la Sociedad Internacional de Cirug&iacute;a de Restauraci&oacute;n Capilar (ISHRS), los pacientes que se sometieron por primera vez a una cirug&iacute;a de restauraci&oacute;n capilar en 2024 eran m&aacute;s j&oacute;venes que la poblaci&oacute;n adulta general, con un 95% iniciando la cirug&iacute;a de restauraci&oacute;n capilar entre las edades de 20 y 35 a&ntilde;os. M&aacute;s mujeres tambi&eacute;n recurrieron a una soluci&oacute;n permanente para la p&eacute;rdida de cabello, ya que el n&uacute;mero de pacientes femeninas de cirug&iacute;a de restauraci&oacute;n capilar tratadas en 2024 aument&oacute; en un 16,5% desde 2021.<\/p>\n\n<p>Los miembros de la ISHRS informaron un crecimiento continuo en el campo de la restauraci&oacute;n capilar, debido en gran parte a los refinamientos continuos en el trasplante de cabello y a una variedad de soluciones no quir&uacute;rgicas y m&eacute;dicas efectivas para combatir la p&eacute;rdida de cabello. Espec&iacute;ficamente, el n&uacute;mero promedio de pacientes por miembro de la ISHRS aument&oacute; en un 20% desde 2021. El n&uacute;mero promedio de cirug&iacute;as de restauraci&oacute;n capilar realizadas por miembro de la ISHRS por mes en 2024 fue de 15, lo que refleja la naturaleza pr&aacute;ctica de los m&eacute;dicos de la ISHRS y su <a href=\"https:\/\/ishrs.org\/ishrs-position-statement-on-qualifications-for-scalp-surgery\/\" target=\"_blank\" rel=\"noreferrer noopener\">compromiso de realizar sus propias cirug&iacute;as.<\/a><\/p>\n\n<p>&ldquo;Las personas que experimentan p&eacute;rdida de cabello ya no est&aacute;n esperando hasta la mediana edad para encontrar soluciones efectivas de expertos confiables, como los m&eacute;dicos de la ISHRS que dedican en promedio tres cuartas partes de sus pr&aacute;cticas a la restauraci&oacute;n capilar,&rdquo; dijo Ricardo Mej&iacute;a, MD, FISHRS, presidente de la ISHRS. &ldquo;La carga de casos razonable de cirug&iacute;as de trasplante de cabello que nuestros miembros informaron realizar cada mes es un testimonio de su papel directo en la realizaci&oacute;n de esta cirug&iacute;a altamente intrincada y basada en la experiencia, a diferencia de las cl&iacute;nicas de trasplante de cabello del mercado negro donde los t&eacute;cnicos realizan ilegalmente cirug&iacute;as de trasplante de cabello.&rdquo;<\/p>\n\n<h4 class=\"wp-block-heading\">El trasplante de vello corporal crece<\/h4>\n\n<p>Mientras que el trasplante de cabello del cuero cabelludo sigue siendo la forma m&aacute;s popular de cirug&iacute;a de restauraci&oacute;n capilar, la suplementaci&oacute;n de cabello en otras partes del cuerpo con trasplante de vello corporal (tambi&eacute;n conocido como restauraci&oacute;n capilar no del cuero cabelludo) est&aacute; atrayendo m&aacute;s inter&eacute;s entre hombres y mujeres.<\/p>\n\n<ul class=\"wp-block-list\">\n<li>El porcentaje de hombres que buscan procedimientos de restauraci&oacute;n capilar no del cuero cabelludo aument&oacute; al 18% en 2024, frente al 13% en 2021.<\/li>\n\n\n\n<li>El porcentaje de mujeres que buscan procedimientos de restauraci&oacute;n capilar no del cuero cabelludo aument&oacute; al 21% en 2024, frente al 17% en 2021.<\/li>\n\n\n\n<li>Despu&eacute;s del cuero cabelludo, el siguiente porcentaje m&aacute;s alto de trasplante al &aacute;rea receptora para las mujeres fue en las cejas, con un 12%.<\/li>\n\n\n\n<li>Despu&eacute;s del cuero cabelludo, el siguiente porcentaje m&aacute;s alto de trasplante al &aacute;rea receptora para los hombres fue en bigote\/barba, con un 5%.<\/li>\n<\/ul>\n\n<h4 class=\"wp-block-heading\">El punto de vista del paciente<\/h4>\n\n<p>Cuando se les pidi&oacute; a los miembros de la ISHRS que proporcionaran comentarios sobre las perspectivas de sus pacientes sobre la cirug&iacute;a de restauraci&oacute;n capilar, la encuesta encontr&oacute; que casi la mitad de los pacientes estaban dispuestos a discutir su procedimiento con otros y hab&iacute;an expresado razones espec&iacute;ficas para someterse a la cirug&iacute;a.<\/p>\n\n<ul class=\"wp-block-list\">\n<li> Los miembros de la ISHRS informaron que el 44% de los pacientes de trasplante de cabello que trataron en 2024 planeaban decirles a otros que se hab&iacute;an sometido a un trasplante de cabello.<\/li>\n\n\n\n<li>Los miembros de la ISHRS informaron que la raz&oacute;n n&uacute;mero uno (90%) por la que sus pacientes eligieron someterse a un trasplante de cabello fue para &ldquo;ser\/sentirse m&aacute;s atractivos&rdquo;.<\/li>\n\n\n\n<li>La segunda raz&oacute;n m&aacute;s com&uacute;n (63%) por la que los pacientes eligieron someterse a una cirug&iacute;a de trasplante de cabello fue para &ldquo;parecer m&aacute;s j&oacute;venes para competir en el lugar de trabajo&rdquo;.<\/li>\n<\/ul>\n\n<h4 class=\"wp-block-heading\">El mercado negro contin&uacute;a impactando el mercado<\/h4>\n\n<p>El Dr. Mej&iacute;a se&ntilde;al&oacute; que el n&uacute;mero de complicaciones por trasplantes de cabello del mercado negro est&aacute; aumentando en todo el mundo, lo que plantea graves consecuencias para los pacientes con p&eacute;rdida de cabello. Esto se debe generalmente a la delegaci&oacute;n de individuos sin licencia y sin entrenamiento que no son m&eacute;dicos.<\/p>\n\n<ul class=\"wp-block-list\">\n<li>El 59% de los miembros de la ISHRS informaron que hay cl&iacute;nicas de trasplante de cabello del mercado negro en sus ciudades, aumentando desde el 51% en 2021.<\/li>\n\n\n\n<li>Los miembros de la ISHRS informaron que el porcentaje promedio de casos de reparaci&oacute;n debido a un trasplante de cabello previo del mercado negro fue del 10%, aumentando desde el 6% en 2021.<\/li>\n<\/ul>\n\n<h4 class=\"wp-block-heading\">Acerca de la encuesta<\/h4>\n\n<p>Realizado por Relevant Research Consulting de Evanston, IL, EE. UU., el Censo de Pr&aacute;ctica 2025 de la ISHRS es una compilaci&oacute;n de informaci&oacute;n proporcionada &uacute;nicamente por m&eacute;dicos participantes. La informaci&oacute;n publicada en esta encuesta se desarroll&oacute; a partir de informaci&oacute;n hist&oacute;rica real y no incluye ninguna informaci&oacute;n proyectada. El margen de error para la muestra se encuentra dentro del m&aacute;s o menos 5,4 por ciento en el nivel de confianza del 95 por ciento. Para obtener una reimpresi&oacute;n completa del Informe del Censo de Pr&aacute;ctica de la ISHRS 2025, visite <a href=\"https:\/\/ishrs.org\/media\/statistics-research\/\">Estad&iacute;sticas de Restauraci&oacute;n Capilar<\/a>.<\/p>\n","protected":false},"excerpt":{"rendered":"<p>Nueva encuesta revela que adultos m&aacute;s j&oacute;venes y m&aacute;s mujeresbuscan tratamiento para la p&eacute;rdida de cabello El n&uacute;mero manejable de cirug&iacute;as de restauraci&oacute;n capilar mensuales ilustra el enfoque pr&aacute;ctico y experto de los miembros de la ISHRS CHICAGO &ndash; 13 de mayo de 2025. Seg&uacute;n los resultados de una nueva encuesta a miembros realizada por la Sociedad Internacional de Cirug&iacute;a &#8230; <\/p>\n<p class=\"read-more-container\"><a title=\"Nueva Encuesta Revela Que Adultos M\u00e1s J\u00f3venes Y M\u00e1s Mujeres Buscan Tratamiento Para La P\u00e9rdida De Cabello\" class=\"read-more button\" href=\"https:\/\/ishrs.org\/es\/censo-de-practica-2025\/#more-319212\" aria-label=\"Leer m\u00e1s sobre Nueva Encuesta Revela Que Adultos M\u00e1s J\u00f3venes Y M\u00e1s Mujeres Buscan Tratamiento Para La P\u00e9rdida De Cabello\">Read more<\/a><\/p>\n","protected":false},"author":15,"featured_media":310621,"parent":0,"menu_order":263,"comment_status":"closed","ping_status":"closed","template":"","meta":{"_stopmodifiedupdate":false,"_modified_date":"","_seopress_robots_primary_cat":"","_seopress_titles_title":"","_seopress_titles_desc":"Seg\u00fan los resultados de una nueva encuesta a miembros realizada por la ISHRS, los pacientes que se sometieron por primera vez a una cirug\u00eda de restauraci\u00f3n capilar en 2024 eran m\u00e1s j\u00f3venes que la poblaci\u00f3n adulta general,","_seopress_robots_index":"","_uag_custom_page_level_css":"","footnotes":"","_links_to":"","_links_to_target":""},"class_list":{"0":"post-319212","1":"page","2":"type-page","3":"status-publish","4":"has-post-thumbnail","6":"no-featured-image-padding"},"spectra_custom_meta":{"_wpml_media_duplicate":["1"],"_wpml_media_featured":["1"],"_top_nav_excluded":[""],"_cms_nav_minihome":[""],"_seopress_titles_desc":["Seg\u00fan los resultados de una nueva encuesta a miembros realizada por la ISHRS, los pacientes que se sometieron por primera vez a una cirug\u00eda de restauraci\u00f3n capilar en 2024 eran m\u00e1s j\u00f3venes que la poblaci\u00f3n adulta general,"],"_last_translation_edit_mode":["native-editor"],"_wpml_word_count":["926"],"_wp_page_template":[""],"_thumbnail_id":["310621"],"_edit_lock":["1749349274:15"],"_edit_last":["15"],"dpsp_share_options_json":["{\"custom_image\":{\"id\":\"\",\"src\":\"\"},\"custom_title\":\"\",\"custom_description\":\"\",\"custom_image_pinterest\":{\"id\":\"\",\"src\":\"\"},\"custom_title_pinterest\":\"\",\"custom_description_pinterest\":\"\",\"custom_tweet\":\"\"}"],"dpsp_share_options":["a:7:{s:12:\"custom_image\";a:2:{s:2:\"id\";s:0:\"\";s:3:\"src\";s:0:\"\";}s:12:\"custom_title\";s:0:\"\";s:18:\"custom_description\";s:0:\"\";s:22:\"custom_image_pinterest\";a:2:{s:2:\"id\";s:0:\"\";s:3:\"src\";s:0:\"\";}s:22:\"custom_title_pinterest\";s:0:\"\";s:28:\"custom_description_pinterest\";s:0:\"\";s:12:\"custom_tweet\";s:0:\"\";}"],"dpsp_post_single_previous_urls_json":["[]"],"dpsp_post_single_previous_urls":["a:0:{}"],"_wpml_media_has_media":["1"],"dpsp_networks_shares":["a:4:{s:8:\"facebook\";i:0;s:9:\"pinterest\";i:0;s:6:\"reddit\";i:0;s:7:\"twitter\";i:0;}"],"dpsp_networks_shares_json":["{\"facebook\":0,\"pinterest\":0,\"reddit\":0,\"twitter\":0}"],"dpsp_networks_shares_total":["0"],"dpsp_networks_shares_last_updated":["1776079135"],"_uag_page_assets":["a:9:{s:3:\"css\";s:0:\"\";s:2:\"js\";s:0:\"\";s:18:\"current_block_list\";a:4:{i:0;s:12:\"core\/heading\";i:1;s:14:\"core\/paragraph\";i:2;s:9:\"core\/list\";i:3;s:14:\"core\/list-item\";}s:8:\"uag_flag\";b:0;s:11:\"uag_version\";s:10:\"1776170021\";s:6:\"gfonts\";a:0:{}s:10:\"gfonts_url\";s:0:\"\";s:12:\"gfonts_files\";a:0:{}s:14:\"uag_faq_layout\";b:0;}"]},"uagb_featured_image_src":{"full":["https:\/\/luchafight.ishrs.org\/wp-content\/uploads\/2025\/05\/practice-census-hero.webp",1200,400,false],"thumbnail":["https:\/\/luchafight.ishrs.org\/wp-content\/uploads\/2025\/05\/practice-census-hero-400x400.webp",400,400,true],"medium":["https:\/\/luchafight.ishrs.org\/wp-content\/uploads\/2025\/05\/practice-census-hero-600x200.webp",600,200,true],"medium_large":["https:\/\/luchafight.ishrs.org\/wp-content\/uploads\/2025\/05\/practice-census-hero-768x256.webp",768,256,true],"large":["https:\/\/luchafight.ishrs.org\/wp-content\/uploads\/2025\/05\/practice-census-hero-1024x341.webp",1024,341,true],"1536x1536":["https:\/\/luchafight.ishrs.org\/wp-content\/uploads\/2025\/05\/practice-census-hero.webp",1200,400,false],"2048x2048":["https:\/\/luchafight.ishrs.org\/wp-content\/uploads\/2025\/05\/practice-census-hero.webp",1200,400,false]},"uagb_author_info":{"display_name":"Editorial Staff","author_link":"https:\/\/ishrs.org\/es\/author\/blanca-mejia\/"},"uagb_comment_info":0,"uagb_excerpt":"Nueva encuesta revela que adultos m&aacute;s j&oacute;venes y m&aacute;s mujeresbuscan tratamiento para la p&eacute;rdida de cabello El n&uacute;mero manejable de cirug&iacute;as de restauraci&oacute;n capilar mensuales ilustra el enfoque pr&aacute;ctico y experto de los miembros de la ISHRS CHICAGO &ndash; 13 de mayo de 2025. Seg&uacute;n los resultados de una nueva encuesta a miembros realizada por&hellip;","ase":null,"_links":{"self":[{"href":"https:\/\/ishrs.org\/es\/wp-json\/wp\/v2\/pages\/319212","targetHints":{"allow":["GET"]}}],"collection":[{"href":"https:\/\/ishrs.org\/es\/wp-json\/wp\/v2\/pages"}],"about":[{"href":"https:\/\/ishrs.org\/es\/wp-json\/wp\/v2\/types\/page"}],"author":[{"embeddable":true,"href":"https:\/\/ishrs.org\/es\/wp-json\/wp\/v2\/users\/15"}],"replies":[{"embeddable":true,"href":"https:\/\/ishrs.org\/es\/wp-json\/wp\/v2\/comments?post=319212"}],"version-history":[{"count":2,"href":"https:\/\/ishrs.org\/es\/wp-json\/wp\/v2\/pages\/319212\/revisions"}],"predecessor-version":[{"id":319221,"href":"https:\/\/ishrs.org\/es\/wp-json\/wp\/v2\/pages\/319212\/revisions\/319221"}],"wp:featuredmedia":[{"embeddable":true,"href":"https:\/\/ishrs.org\/es\/wp-json\/wp\/v2\/media\/310621"}],"wp:attachment":[{"href":"https:\/\/ishrs.org\/es\/wp-json\/wp\/v2\/media?parent=319212"}],"curies":[{"name":"wp","href":"https:\/\/api.w.org\/{rel}","templated":true}]}}