{"id":351603,"date":"2017-08-28T21:55:47","date_gmt":"2017-08-28T21:55:47","guid":{"rendered":"https:\/\/ishrs.org\/?page_id=351603"},"modified":"2025-12-05T19:28:08","modified_gmt":"2025-12-05T19:28:08","slug":"mision-vision","status":"publish","type":"page","link":"https:\/\/ishrs.org\/es\/quienes-somos\/mision-vision\/","title":{"rendered":"Declaraci\u00f3n De Misi\u00f3n"},"content":{"rendered":"\n<h2 class=\"wp-block-heading\"><strong>Declaraci&oacute;n de misi&oacute;n<\/strong><\/h2>\n\n\n\n<p>Una sociedad m&eacute;dica mundial de restauraci&oacute;n capilar comprometida con la mejora de los resultados de los pacientes mediante la promoci&oacute;n de la educaci&oacute;n de los miembros, la colegialidad, la investigaci&oacute;n, la innovaci&oacute;n, la &eacute;tica y la concienciaci&oacute;n p&uacute;blica.<\/p>\n\n\n\n<h2 class=\"wp-block-heading\"><strong>Prop&oacute;sito fundamental<\/strong><\/h2>\n\n\n\n<p>Mejorar la calidad de vida de los pacientes con p&eacute;rdida de cabello a trav&eacute;s de la terapia m&eacute;dica y la cirug&iacute;a de restauraci&oacute;n capilar.<\/p>\n\n\n\n<h2 class=\"wp-block-heading\"><strong>Valores fundamentales<\/strong><\/h2>\n\n\n\n<ul class=\"wp-block-list\">\n<li><strong>Integridad<\/strong>: demostrada por una conducta &eacute;tica, siendo honesto y justo, teniendo principios morales s&oacute;lidos<\/li>\n\n\n\n<li><strong>Inclusividad<\/strong>: reconocer e integrar todos los aspectos de la diversidad<\/li>\n\n\n\n<li><strong>Compromiso con la excelencia<\/strong>: los m&aacute;s altos est&aacute;ndares de profesionalidad y respeto<\/li>\n\n\n\n<li><strong>Fomentar una cultura de intercambio de conocimientos<\/strong>: libre intercambio de informaci&oacute;n basada en la ciencia<\/li>\n<\/ul>\n\n\n\n<h2 class=\"wp-block-heading\"><strong>Qu&eacute; podemos hacer por usted<\/strong><\/h2>\n\n\n\n<p><strong>La ISHRS proporciona la informaci&oacute;n y las noticias m&aacute;s recientes<\/strong> sobre la cirug&iacute;a de restauraci&oacute;n capilar a los consumidores. Si est&aacute; buscando un cirujano de restauraci&oacute;n capilar, visite el servicio de localizaci&oacute;n Encuentre un m&eacute;dico de la ISHRS. Si tiene alguna pregunta, llame a la l&iacute;nea de consulta al consumidor de la ISHRS al 1-800-444-2737.  <\/p>\n\n\n\n<p><\/p>\n","protected":false},"excerpt":{"rendered":"<p>Declaraci&oacute;n de misi&oacute;n Una sociedad m&eacute;dica mundial de restauraci&oacute;n capilar comprometida con la mejora de los resultados de los pacientes mediante la promoci&oacute;n de la educaci&oacute;n de los miembros, la colegialidad, la investigaci&oacute;n, la innovaci&oacute;n, la &eacute;tica y la concienciaci&oacute;n p&uacute;blica. Prop&oacute;sito fundamental Mejorar la calidad de vida de los pacientes con p&eacute;rdida de cabello a trav&eacute;s de la terapia &#8230; <\/p>\n<p class=\"read-more-container\"><a title=\"Declaraci\u00f3n De Misi\u00f3n\" class=\"read-more button\" href=\"https:\/\/ishrs.org\/es\/quienes-somos\/mision-vision\/#more-351603\" aria-label=\"Leer m\u00e1s sobre Declaraci\u00f3n De Misi\u00f3n\">Read more<\/a><\/p>\n","protected":false},"author":15,"featured_media":4842,"parent":351680,"menu_order":18,"comment_status":"closed","ping_status":"closed","template":"","meta":{"_stopmodifiedupdate":false,"_modified_date":"","_seopress_robots_primary_cat":"","_seopress_titles_title":"Mejore su vida: descubra ISHRS.","_seopress_titles_desc":"Conf\u00ede en la ISHRS para obtener toda la informaci\u00f3n y noticias sobre la cirug\u00eda de restauraci\u00f3n capilar. Encuentre un cirujano de restauraci\u00f3n capilar cerca de usted con nuestra herramienta \"Encuentre un m\u00e9dico\", o ll\u00e1menos si tiene alguna pregunta al 1-800-444-2737. La Sociedad Internacional de Cirug\u00eda de Restauraci\u00f3n Capilar tiene la misi\u00f3n de alcanzar la excelencia y la visi\u00f3n de ser la principal autoridad en restauraci\u00f3n capilar.","_seopress_robots_index":"","_uag_custom_page_level_css":"","footnotes":"","_links_to":"","_links_to_target":""},"class_list":{"0":"post-351603","1":"page","2":"type-page","3":"status-publish","4":"has-post-thumbnail","6":"no-featured-image-padding"},"spectra_custom_meta":{"_generate-sidebar-layout-meta":["left-sidebar"],"_wpml_media_duplicate":["1"],"_top_nav_excluded":[""],"_cms_nav_minihome":[""],"_wp_page_template":["default"],"_seopress_titles_title":["Mejore su vida: descubra ISHRS."],"_seopress_titles_desc":["Conf\u00ede en la ISHRS para obtener toda la informaci\u00f3n y noticias sobre la cirug\u00eda de restauraci\u00f3n capilar. Encuentre un cirujano de restauraci\u00f3n capilar cerca de usted con nuestra herramienta \"Encuentre un m\u00e9dico\", o ll\u00e1menos si tiene alguna pregunta al 1-800-444-2737. La Sociedad Internacional de Cirug\u00eda de Restauraci\u00f3n Capilar tiene la misi\u00f3n de alcanzar la excelencia y la visi\u00f3n de ser la principal autoridad en restauraci\u00f3n capilar."],"_seopress_redirections_logged_status":["ambos"],"_seopress_redirections_type":["301"],"_last_translation_edit_mode":["native-editor"],"_wpml_word_count":["213"],"_thumbnail_id":["4842"],"_edit_lock":["1764962890:14"],"_edit_last":["14"],"_wpml_media_has_media":["1"],"dpsp_share_options_json":["{\"custom_image\":{\"id\":\"\",\"src\":\"\"},\"custom_title\":\"\",\"custom_description\":\"\",\"custom_image_pinterest\":{\"id\":\"\",\"src\":\"\"},\"custom_title_pinterest\":\"\",\"custom_description_pinterest\":\"\",\"custom_tweet\":\"\"}"],"dpsp_share_options":["a:7:{s:12:\"custom_image\";a:2:{s:2:\"id\";s:0:\"\";s:3:\"src\";s:0:\"\";}s:12:\"custom_title\";s:0:\"\";s:18:\"custom_description\";s:0:\"\";s:22:\"custom_image_pinterest\";a:2:{s:2:\"id\";s:0:\"\";s:3:\"src\";s:0:\"\";}s:22:\"custom_title_pinterest\";s:0:\"\";s:28:\"custom_description_pinterest\";s:0:\"\";s:12:\"custom_tweet\";s:0:\"\";}"],"dpsp_post_single_previous_urls_json":["[]"],"dpsp_post_single_previous_urls":["a:0:{}"],"dpsp_networks_shares":["a:4:{s:8:\"facebook\";i:0;s:9:\"pinterest\";i:0;s:6:\"reddit\";i:0;s:7:\"twitter\";i:0;}"],"dpsp_networks_shares_json":["{\"facebook\":0,\"pinterest\":0,\"reddit\":0,\"twitter\":0}"],"dpsp_networks_shares_total":["0"],"dpsp_networks_shares_last_updated":["1777637070"],"_uagb_previous_block_counts":["a:90:{s:21:\"uagb\/advanced-heading\";i:0;s:15:\"uagb\/blockquote\";i:0;s:12:\"uagb\/buttons\";i:0;s:18:\"uagb\/buttons-child\";i:0;s:19:\"uagb\/call-to-action\";i:0;s:15:\"uagb\/cf7-styler\";i:0;s:11:\"uagb\/column\";i:0;s:12:\"uagb\/columns\";i:0;s:14:\"uagb\/container\";i:0;s:21:\"uagb\/content-timeline\";i:0;s:27:\"uagb\/content-timeline-child\";i:0;s:14:\"uagb\/countdown\";i:0;s:12:\"uagb\/counter\";i:0;s:8:\"uagb\/faq\";i:0;s:14:\"uagb\/faq-child\";i:0;s:10:\"uagb\/forms\";i:0;s:17:\"uagb\/forms-accept\";i:0;s:19:\"uagb\/forms-checkbox\";i:0;s:15:\"uagb\/forms-date\";i:0;s:16:\"uagb\/forms-email\";i:0;s:17:\"uagb\/forms-hidden\";i:0;s:15:\"uagb\/forms-name\";i:0;s:16:\"uagb\/forms-phone\";i:0;s:16:\"uagb\/forms-radio\";i:0;s:17:\"uagb\/forms-select\";i:0;s:19:\"uagb\/forms-textarea\";i:0;s:17:\"uagb\/forms-toggle\";i:0;s:14:\"uagb\/forms-url\";i:0;s:14:\"uagb\/gf-styler\";i:0;s:15:\"uagb\/google-map\";i:0;s:11:\"uagb\/how-to\";i:0;s:16:\"uagb\/how-to-step\";i:0;s:9:\"uagb\/icon\";i:0;s:14:\"uagb\/icon-list\";i:0;s:20:\"uagb\/icon-list-child\";i:0;s:10:\"uagb\/image\";i:0;s:18:\"uagb\/image-gallery\";i:0;s:13:\"uagb\/info-box\";i:0;s:18:\"uagb\/inline-notice\";i:0;s:11:\"uagb\/lottie\";i:0;s:21:\"uagb\/marketing-button\";i:0;s:10:\"uagb\/modal\";i:0;s:18:\"uagb\/popup-builder\";i:0;s:16:\"uagb\/post-button\";i:0;s:18:\"uagb\/post-carousel\";i:0;s:17:\"uagb\/post-excerpt\";i:0;s:14:\"uagb\/post-grid\";i:0;s:15:\"uagb\/post-image\";i:0;s:17:\"uagb\/post-masonry\";i:0;s:14:\"uagb\/post-meta\";i:0;s:18:\"uagb\/post-taxonomy\";i:0;s:18:\"uagb\/post-timeline\";i:0;s:15:\"uagb\/post-title\";i:0;s:20:\"uagb\/restaurant-menu\";i:0;s:26:\"uagb\/restaurant-menu-child\";i:0;s:11:\"uagb\/review\";i:0;s:12:\"uagb\/section\";i:0;s:14:\"uagb\/separator\";i:0;s:11:\"uagb\/slider\";i:0;s:17:\"uagb\/slider-child\";i:0;s:17:\"uagb\/social-share\";i:0;s:23:\"uagb\/social-share-child\";i:0;s:16:\"uagb\/star-rating\";i:0;s:23:\"uagb\/sure-cart-checkout\";i:0;s:22:\"uagb\/sure-cart-product\";i:0;s:15:\"uagb\/sure-forms\";i:0;s:22:\"uagb\/table-of-contents\";i:0;s:9:\"uagb\/tabs\";i:0;s:15:\"uagb\/tabs-child\";i:0;s:18:\"uagb\/taxonomy-list\";i:0;s:9:\"uagb\/team\";i:0;s:16:\"uagb\/testimonial\";i:0;s:14:\"uagb\/wp-search\";i:0;s:19:\"uagb\/instagram-feed\";i:0;s:10:\"uagb\/login\";i:0;s:17:\"uagb\/loop-builder\";i:0;s:18:\"uagb\/loop-category\";i:0;s:20:\"uagb\/loop-pagination\";i:0;s:15:\"uagb\/loop-reset\";i:0;s:16:\"uagb\/loop-search\";i:0;s:14:\"uagb\/loop-sort\";i:0;s:17:\"uagb\/loop-wrapper\";i:0;s:13:\"uagb\/register\";i:0;s:19:\"uagb\/register-email\";i:0;s:24:\"uagb\/register-first-name\";i:0;s:23:\"uagb\/register-last-name\";i:0;s:22:\"uagb\/register-password\";i:0;s:30:\"uagb\/register-reenter-password\";i:0;s:19:\"uagb\/register-terms\";i:0;s:22:\"uagb\/register-username\";i:0;}"],"_uag_page_assets":["a:9:{s:3:\"css\";s:0:\"\";s:2:\"js\";s:0:\"\";s:18:\"current_block_list\";a:4:{i:0;s:12:\"core\/heading\";i:1;s:14:\"core\/paragraph\";i:2;s:9:\"core\/list\";i:3;s:14:\"core\/list-item\";}s:8:\"uag_flag\";b:0;s:11:\"uag_version\";s:10:\"1777640186\";s:6:\"gfonts\";a:0:{}s:10:\"gfonts_url\";s:0:\"\";s:12:\"gfonts_files\";a:0:{}s:14:\"uag_faq_layout\";b:0;}"]},"uagb_featured_image_src":{"full":["https:\/\/luchafight.ishrs.org\/wp-content\/uploads\/2018\/08\/mission.jpg",1200,800,false],"thumbnail":["https:\/\/luchafight.ishrs.org\/wp-content\/uploads\/2018\/08\/mission-400x400.jpg",400,400,true],"medium":["https:\/\/luchafight.ishrs.org\/wp-content\/uploads\/2018\/08\/mission-600x400.jpg",600,400,true],"medium_large":["https:\/\/luchafight.ishrs.org\/wp-content\/uploads\/2018\/08\/mission-768x512.jpg",768,512,true],"large":["https:\/\/luchafight.ishrs.org\/wp-content\/uploads\/2018\/08\/mission-1024x683.jpg",1024,683,true],"1536x1536":["https:\/\/luchafight.ishrs.org\/wp-content\/uploads\/2018\/08\/mission.jpg",1200,800,false],"2048x2048":["https:\/\/luchafight.ishrs.org\/wp-content\/uploads\/2018\/08\/mission.jpg",1200,800,false]},"uagb_author_info":{"display_name":"Editorial Staff","author_link":"https:\/\/ishrs.org\/es\/author\/blanca-mejia\/"},"uagb_comment_info":0,"uagb_excerpt":"Declaraci&oacute;n de misi&oacute;n Una sociedad m&eacute;dica mundial de restauraci&oacute;n capilar comprometida con la mejora de los resultados de los pacientes mediante la promoci&oacute;n de la educaci&oacute;n de los miembros, la colegialidad, la investigaci&oacute;n, la innovaci&oacute;n, la &eacute;tica y la concienciaci&oacute;n p&uacute;blica. Prop&oacute;sito fundamental Mejorar la calidad de vida de los pacientes con p&eacute;rdida de cabello&hellip;","ase":null,"_links":{"self":[{"href":"https:\/\/ishrs.org\/es\/wp-json\/wp\/v2\/pages\/351603","targetHints":{"allow":["GET"]}}],"collection":[{"href":"https:\/\/ishrs.org\/es\/wp-json\/wp\/v2\/pages"}],"about":[{"href":"https:\/\/ishrs.org\/es\/wp-json\/wp\/v2\/types\/page"}],"author":[{"embeddable":true,"href":"https:\/\/ishrs.org\/es\/wp-json\/wp\/v2\/users\/15"}],"replies":[{"embeddable":true,"href":"https:\/\/ishrs.org\/es\/wp-json\/wp\/v2\/comments?post=351603"}],"version-history":[{"count":3,"href":"https:\/\/ishrs.org\/es\/wp-json\/wp\/v2\/pages\/351603\/revisions"}],"predecessor-version":[{"id":367859,"href":"https:\/\/ishrs.org\/es\/wp-json\/wp\/v2\/pages\/351603\/revisions\/367859"}],"up":[{"embeddable":true,"href":"https:\/\/ishrs.org\/es\/wp-json\/wp\/v2\/pages\/351680"}],"wp:featuredmedia":[{"embeddable":true,"href":"https:\/\/ishrs.org\/es\/wp-json\/wp\/v2\/media\/4842"}],"wp:attachment":[{"href":"https:\/\/ishrs.org\/es\/wp-json\/wp\/v2\/media?parent=351603"}],"curies":[{"name":"wp","href":"https:\/\/api.w.org\/{rel}","templated":true}]}}