{"id":351680,"date":"2017-08-28T21:03:48","date_gmt":"2017-08-28T21:03:48","guid":{"rendered":"https:\/\/ishrs.org\/?page_id=351680"},"modified":"2025-12-05T18:38:30","modified_gmt":"2025-12-05T18:38:30","slug":"quienes-somos","status":"publish","type":"page","link":"https:\/\/ishrs.org\/es\/quienes-somos\/","title":{"rendered":"Acerca De"},"content":{"rendered":"\n<p>La ISHRS es una sociedad m&eacute;dica internacional sin &aacute;nimo de lucro <strong>con<\/strong> <strong>1200 miembros<\/strong> que representan a <strong>80 pa&iacute;ses<\/strong> de todo el mundo, dedicada a promulgar los <strong>m&aacute;s altos est&aacute;ndares de pr&aacute;ctica m&eacute;dica y &eacute;tica m&eacute;dica<\/strong>. Las categor&iacute;as de miembros incluyen fellow, miembro, miembro asociado, adjunto (investigadores), residentes y ayudantes quir&uacute;rgicos. Desde su constituci&oacute;n en 1993, la ISHRS puso en marcha un renacimiento en la cirug&iacute;a de restauraci&oacute;n capilar. La membres&iacute;a multidisciplinar e internacional de la ISHRS es una masa cr&iacute;tica para la innovaci&oacute;n en la cirug&iacute;a de restauraci&oacute;n capilar.    <\/p>\n\n<p><strong>MISI&Oacute;N<\/strong><strong>:<\/strong> <strong>La ISHRS se dedica a lograr la excelencia en los resultados m&eacute;dicos y quir&uacute;rgicos mediante la promoci&oacute;n de la educaci&oacute;n de los miembros, la colegialidad internacional, la investigaci&oacute;n, la &eacute;tica y la concienciaci&oacute;n p&uacute;blica.<\/strong><\/p>\n\n<p>La ISHRS ofrece <strong>formaci&oacute;n m&eacute;dica continua<\/strong> a los m&eacute;dicos y fomenta un entorno de di&aacute;logo abierto, intercambio y <strong>colegialidad<\/strong>. La ISHRS est&aacute; acreditada por el Consejo de Acreditaci&oacute;n para la Formaci&oacute;n M&eacute;dica Continua, que es la agencia responsable de sancionar la formaci&oacute;n m&eacute;dica para la obtenci&oacute;n de la licencia de m&eacute;dico en los Estados Unidos. La obtenci&oacute;n de la acreditaci&oacute;n por parte de esta agencia es dif&iacute;cil.  <\/p>\n\n<p>La ISHRS est&aacute;\ndedicada a facilitar la formaci&oacute;n de m&eacute;dicos. La ISHRS tiene unPrograma de Formaci&oacute;n de Becarios, materiales educativos duraderos y recursosen l&iacute;nea, y ofrece numerosas reuniones que incluyen conferencias y talleresquir&uacute;rgicos. La ISHRS celebra su mayor evento, el Congreso Mundial anual de la ISHRS,en todo el mundo. Varios de los\npa&iacute;ses en los que ha organizado reuniones y talleres en vivo son: Estados Unidos, Australia, Reino Unido,\nJap&oacute;n, Corea del Sur, Emiratos &Aacute;rabes Unidos, Canad&aacute;, M&eacute;xico, Malasia, Tailandia,\nPa&iacute;ses Bajos, Rep&uacute;blica Checa, B&eacute;lgica, Polonia, Espa&ntilde;a, Italia, India y\nTurqu&iacute;a. Su profesorado es de renombre mundial y son los principales expertos, innovadores y\npioneros en el campo. El profesorado y el\nliderazgo son aquellos m&eacute;dicos que escriben los libros de texto en el campo y son autores de\nlos art&iacute;culos de revistas m&aacute;s importantes. La\nmayor&iacute;a del profesorado ha estado en el campo durante m&aacute;s de 20 a&ntilde;os.       <\/p>\n\n<p>La ISHRS proporciona al p&uacute;blico la informaci&oacute;n m&aacute;s reciente sobre los tratamientos m&eacute;dicos y\nquir&uacute;rgicos para la p&eacute;rdida de cabello. Una gran parte del esfuerzo de la ISHRS est&aacute;dedicada a garantizar la seguridad de los pacientes y a desarrollar m&eacute;todos para minimizarlos riesgos para los pacientes, al tiempo que se satisfacen las expectativas de los pacientes. La ISHRS hapublicado y mantiene el plan de estudios b&aacute;sico en cirug&iacute;a de restauraci&oacute;n capilar (Dermatol Surg 2006; 32:86&ndash;90 &bull; DOI:10.1111j1524-4725.2006.32010), las competencias b&aacute;sicas en restauraci&oacute;n capilarCirug&iacute;a (Dermatol Surg 2009; 35:425&ndash;428DOI: 10.1111\/j.1524-4725.2008.01059), las directrices de pr&aacute;ctica cl&iacute;nica de la FUE yun proyecto actual en curso de pr&aacute;cticas comunes\/mejores en restauraci&oacute;n capilarCirug&iacute;a. La ISHRS ha publicado varias <a href=\"https:\/\/ishrs.org\/media\/position-statements\/\">declaraciones de posici&oacute;n<\/a>.   <\/p>\n\n<p>La ISHRS proporciona <strong>becas\nde investigaci&oacute;n<\/strong> anuales a proyectos de investigaci&oacute;n cl&iacute;nica relevantes dirigidos al tema\nde la restauraci&oacute;n capilar.<\/p>\n\n<p>El programa pro bono de la ISHRS, <strong>Operation Restore<\/strong>, se inici&oacute; en 2004 y pone en contacto a m&eacute;dicos voluntarios de la ISHRS con posibles pacientes de restauraci&oacute;n capilar que sufren p&eacute;rdida de cabello como resultado de un traumatismo o enfermedad y que carecen de los recursos para obtener tratamiento por s&iacute; mismos. El programa ha proporcionado m&aacute;s de 825.000 d&oacute;lares en cirug&iacute;a gratuita y gastos de viaje. <\/p>\n\n<p>La\nISHRS tiene un asiento de delegado en la <a href=\"https:\/\/www.ama-assn.org\/about\/house-delegates-hod\" target=\"_blank\" rel=\"noopener noreferrer nofollow\">C&aacute;mara de Delegados de la Asociaci&oacute;n M&eacute;dica Americana<\/a>,\nque se considera &laquo;la C&aacute;mara de la Medicina&raquo; en los Estados Unidos y uno de los\ngrupos m&aacute;s importantes para influir en las normas y la legislaci&oacute;n. <\/p>\n\n<p>La ISHRS es una organizaci&oacute;n de enlace miembro del <a href=\"https:\/\/www.cencenelec.eu\/\" data-type=\"link\" data-id=\"https:\/\/www.cencenelec.eu\/\" target=\"_blank\" rel=\"noreferrer noopener\">Comit&eacute; Europ&eacute;en de Normalisation<\/a> (CEN) [Comit&eacute; Europeo de Normalizaci&oacute;n] grupo de trabajo 403 &laquo;Servicios de Cirug&iacute;a Est&eacute;tica&raquo; donde ayuda a desarrollar normas para el trasplante de cabello entre los pa&iacute;ses de la Uni&oacute;n Europea. <\/p>\n\n<p>La\nISHRS es miembro de y lidera la organizaci&oacute;n titulada <a href=\"\/es\/?page_id=351807\">Consejo Mundial de Sociedades de Cirug&iacute;a de Restauraci&oacute;n Capilar<\/a> que se compone de 23\nsociedades nacionales y regionales. \nLos Ministerios de Salud de numerosos pa&iacute;ses se han puesto en contacto con la ISHRS en el\npasado para obtener informaci&oacute;n experta sobre las normas de la industria.<\/p>\n","protected":false},"excerpt":{"rendered":"<p>La ISHRS es una sociedad m&eacute;dica internacional sin &aacute;nimo de lucro con 1200 miembros que representan a 80 pa&iacute;ses de todo el mundo, dedicada a promulgar los m&aacute;s altos est&aacute;ndares de pr&aacute;ctica m&eacute;dica y &eacute;tica m&eacute;dica. Las categor&iacute;as de miembros incluyen fellow, miembro, miembro asociado, adjunto (investigadores), residentes y ayudantes quir&uacute;rgicos. Desde su constituci&oacute;n en 1993, la ISHRS puso en &#8230; <\/p>\n<p class=\"read-more-container\"><a title=\"Acerca De\" class=\"read-more button\" href=\"https:\/\/ishrs.org\/es\/quienes-somos\/#more-351680\" aria-label=\"Leer m\u00e1s sobre Acerca De\">Read more<\/a><\/p>\n","protected":false},"author":15,"featured_media":300871,"parent":0,"menu_order":17,"comment_status":"closed","ping_status":"closed","template":"","meta":{"_stopmodifiedupdate":false,"_modified_date":"","_seopress_robots_primary_cat":"","_seopress_titles_title":"Descubra c\u00f3mo la ISHRS, una sociedad sin \u00e1nimo de lucro, est\u00e1 innovando en la cirug\u00eda de restauraci\u00f3n capilar","_seopress_titles_desc":"La ISHRS es una sociedad m\u00e9dica sin \u00e1nimo de lucro dedicada a la excelencia en los resultados m\u00e9dicos y quir\u00fargicos de la restauraci\u00f3n capilar, que ofrece formaci\u00f3n m\u00e9dica continua, becas de investigaci\u00f3n y programas de voluntariado para fomentar un entorno seguro y \u00e9tico para la cirug\u00eda de restauraci\u00f3n capilar. \u00a1\u00danase hoy mismo para formar parte del profesorado y el liderazgo de renombre mundial en este campo! ","_seopress_robots_index":"","_uag_custom_page_level_css":"","footnotes":"","_links_to":"","_links_to_target":""},"class_list":{"0":"post-351680","1":"page","2":"type-page","3":"status-publish","4":"has-post-thumbnail","6":"no-featured-image-padding"},"spectra_custom_meta":{"_wpml_media_duplicate":["1"],"_wpml_media_featured":["0"],"_top_nav_excluded":[""],"_cms_nav_minihome":[""],"_wp_page_template":["default"],"_seopress_titles_title":["Descubra c\u00f3mo la ISHRS, una sociedad sin \u00e1nimo de lucro, est\u00e1 innovando en la cirug\u00eda de restauraci\u00f3n capilar"],"_seopress_titles_desc":["La ISHRS es una sociedad m\u00e9dica sin \u00e1nimo de lucro dedicada a la excelencia en los resultados m\u00e9dicos y quir\u00fargicos de la restauraci\u00f3n capilar, que ofrece formaci\u00f3n m\u00e9dica continua, becas de investigaci\u00f3n y programas de voluntariado para fomentar un entorno seguro y \u00e9tico para la cirug\u00eda de restauraci\u00f3n capilar. \u00a1\u00danase hoy mismo para formar parte del profesorado y el liderazgo de renombre mundial en este campo! "],"_last_translation_edit_mode":["native-editor"],"_wpml_word_count":["753"],"_thumbnail_id":["300871"],"_edit_lock":["1764959950:15"],"_edit_last":["15"],"dpsp_share_options_json":["{\"custom_image\":{\"id\":\"\",\"src\":\"\"},\"custom_title\":\"\",\"custom_description\":\"\",\"custom_image_pinterest\":{\"id\":\"\",\"src\":\"\"},\"custom_title_pinterest\":\"\",\"custom_description_pinterest\":\"\",\"custom_tweet\":\"\"}"],"dpsp_share_options":["a:7:{s:12:\"custom_image\";a:2:{s:2:\"id\";s:0:\"\";s:3:\"src\";s:0:\"\";}s:12:\"custom_title\";s:0:\"\";s:18:\"custom_description\";s:0:\"\";s:22:\"custom_image_pinterest\";a:2:{s:2:\"id\";s:0:\"\";s:3:\"src\";s:0:\"\";}s:22:\"custom_title_pinterest\";s:0:\"\";s:28:\"custom_description_pinterest\";s:0:\"\";s:12:\"custom_tweet\";s:0:\"\";}"],"dpsp_post_single_previous_urls_json":["[]"],"dpsp_post_single_previous_urls":["a:0:{}"],"dpsp_networks_shares":["a:4:{s:8:\"facebook\";i:0;s:9:\"pinterest\";i:0;s:6:\"reddit\";i:0;s:7:\"twitter\";i:0;}"],"dpsp_networks_shares_json":["{\"facebook\":0,\"pinterest\":0,\"reddit\":0,\"twitter\":0}"],"dpsp_networks_shares_total":["0"],"dpsp_networks_shares_last_updated":["1775864126"],"_uag_page_assets":["a:9:{s:3:\"css\";s:0:\"\";s:2:\"js\";s:0:\"\";s:18:\"current_block_list\";a:1:{i:0;s:14:\"core\/paragraph\";}s:8:\"uag_flag\";b:0;s:11:\"uag_version\";s:10:\"1775898690\";s:6:\"gfonts\";a:0:{}s:10:\"gfonts_url\";s:0:\"\";s:12:\"gfonts_files\";a:0:{}s:14:\"uag_faq_layout\";b:0;}"]},"uagb_featured_image_src":{"full":["https:\/\/luchafight.ishrs.org\/wp-content\/uploads\/2019\/04\/0K8A1449-1.jpg",1314,876,false],"thumbnail":["https:\/\/luchafight.ishrs.org\/wp-content\/uploads\/2019\/04\/0K8A1449-1-400x400.jpg",400,400,true],"medium":["https:\/\/luchafight.ishrs.org\/wp-content\/uploads\/2019\/04\/0K8A1449-1-600x400.jpg",600,400,true],"medium_large":["https:\/\/luchafight.ishrs.org\/wp-content\/uploads\/2019\/04\/0K8A1449-1-768x512.jpg",768,512,true],"large":["https:\/\/luchafight.ishrs.org\/wp-content\/uploads\/2019\/04\/0K8A1449-1-1024x683.jpg",1024,683,true],"1536x1536":["https:\/\/luchafight.ishrs.org\/wp-content\/uploads\/2019\/04\/0K8A1449-1.jpg",1314,876,false],"2048x2048":["https:\/\/luchafight.ishrs.org\/wp-content\/uploads\/2019\/04\/0K8A1449-1.jpg",1314,876,false]},"uagb_author_info":{"display_name":"Editorial Staff","author_link":"https:\/\/ishrs.org\/es\/author\/blanca-mejia\/"},"uagb_comment_info":0,"uagb_excerpt":"La ISHRS es una sociedad m&eacute;dica internacional sin &aacute;nimo de lucro con 1200 miembros que representan a 80 pa&iacute;ses de todo el mundo, dedicada a promulgar los m&aacute;s altos est&aacute;ndares de pr&aacute;ctica m&eacute;dica y &eacute;tica m&eacute;dica. Las categor&iacute;as de miembros incluyen fellow, miembro, miembro asociado, adjunto (investigadores), residentes y ayudantes quir&uacute;rgicos. Desde su constituci&oacute;n en&hellip;","_links":{"self":[{"href":"https:\/\/ishrs.org\/es\/wp-json\/wp\/v2\/pages\/351680","targetHints":{"allow":["GET"]}}],"collection":[{"href":"https:\/\/ishrs.org\/es\/wp-json\/wp\/v2\/pages"}],"about":[{"href":"https:\/\/ishrs.org\/es\/wp-json\/wp\/v2\/types\/page"}],"author":[{"embeddable":true,"href":"https:\/\/ishrs.org\/es\/wp-json\/wp\/v2\/users\/15"}],"replies":[{"embeddable":true,"href":"https:\/\/ishrs.org\/es\/wp-json\/wp\/v2\/comments?post=351680"}],"version-history":[{"count":4,"href":"https:\/\/ishrs.org\/es\/wp-json\/wp\/v2\/pages\/351680\/revisions"}],"predecessor-version":[{"id":367856,"href":"https:\/\/ishrs.org\/es\/wp-json\/wp\/v2\/pages\/351680\/revisions\/367856"}],"wp:featuredmedia":[{"embeddable":true,"href":"https:\/\/ishrs.org\/es\/wp-json\/wp\/v2\/media\/300871"}],"wp:attachment":[{"href":"https:\/\/ishrs.org\/es\/wp-json\/wp\/v2\/media?parent=351680"}],"curies":[{"name":"wp","href":"https:\/\/api.w.org\/{rel}","templated":true}]}}