{"id":351807,"date":"2017-08-28T21:56:16","date_gmt":"2017-08-28T21:56:16","guid":{"rendered":"https:\/\/ishrs.org\/?page_id=351807"},"modified":"2026-05-02T22:31:47","modified_gmt":"2026-05-02T22:31:47","slug":"global-council","status":"publish","type":"page","link":"https:\/\/ishrs.org\/es\/quienes-somos\/global-council\/","title":{"rendered":"Consejo Mundial De Sociedades De Cirug\u00eda De Restauraci\u00f3n Capilar"},"content":{"rendered":"\n<p><strong>La Sociedad Internacional de Cirug&iacute;a de Restauraci&oacute;n Capilar (ISHRS)<\/strong> es la sociedad mundial y l&iacute;der en cirug&iacute;a de restauraci&oacute;n capilar. En un esfuerzo por unificar el campo, la Junta de Gobernadores de la ISHRS form&oacute; el &laquo;Consejo Mundial de Sociedades de Cirug&iacute;a de Restauraci&oacute;n Capilar&raquo; de la ISHRS en 2003. <\/p>\n\n<figure class=\"wp-block-table\"><table><tbody><tr><td class=\"has-text-align-left\" data-align=\"left\"><strong>MIEMBROS DEL CONSEJO<\/strong><\/td><\/tr><tr><td class=\"has-text-align-left\" data-align=\"left\">&ndash;  <a href=\"http:\/\/www.abhrs.org\/\" target=\"_blank\" rel=\"noreferrer noopener\">Colegio Americano de Cirug&iacute;a de Restauraci&oacute;n Capilar<\/a><br>&ndash; Sociedad Americana de Cirug&iacute;a de Restauraci&oacute;n Capilar<br>&ndash; Asociaci&oacute;n &Aacute;rabe de Trasplante Capilar<br>&ndash;  <a href=\"http:\/\/aarc.org.ar\/\" target=\"_blank\" rel=\"noreferrer noopener\">Sociedad Argentina de Recuperaci&oacute;n Capilar (Asociaci&oacute;n Argentina de Recuperaci&oacute;n Capilar &ndash; AARC)<\/a><br>&ndash; Asociaci&oacute;n Asi&aacute;tica de Cirujanos de Restauraci&oacute;n Capilar<br>&ndash; Sociedad Australasiana de Cirug&iacute;a de Restauraci&oacute;n Capilar<br>&ndash;  <a href=\"http:\/\/www.abcrc.com.br\/\" target=\"_blank\" rel=\"noreferrer noopener\">Asociaci&oacute;n Brasile&ntilde;a de Cirug&iacute;a de Restauraci&oacute;n Capilar (Associa&ccedil;&atilde;o Brasileira de Cirurgia de Restaura&ccedil;&atilde;o Capilar &ndash; ABCRC)<\/a><br>&ndash; Asociaci&oacute;n Brit&aacute;nica de Cirug&iacute;a de Restauraci&oacute;n Capilar<br>&ndash; Asociaci&oacute;n China de Cirug&iacute;a de Restauraci&oacute;n Capilar<br>&ndash; <a href=\"http:\/\/www.vdhc.de\/\" target=\"_blank\" rel=\"noreferrer noopener\">Sociedad Alemana de Restauraci&oacute;n Capilar<\/a> (Verband Deutscher Haarchirurgen)   <br>&ndash;  <a href=\"http:\/\/www.elamat.gr\/\" target=\"_blank\" rel=\"noreferrer noopener\">Academia Hel&eacute;nica de Cirug&iacute;a de Restauraci&oacute;n Capilar<\/a><br>&ndash; <a href=\"http:\/\/www.silatc.org\/\" target=\"_blank\" rel=\"noreferrer noopener\">Sociedad Iberolatinoamericana de Trasplante de Cabello (SILATC)<\/a><br>&ndash; <a href=\"http:\/\/www.ahrsindia.org\/\" target=\"_blank\" rel=\"noreferrer noopener\">Asociaci&oacute;n de Cirujanos de Restauraci&oacute;n Capilar-India<\/a><br>&ndash; Sociedad Internacional de Cirug&iacute;a de Restauraci&oacute;n Capilar  <br>&ndash;  <a href=\"http:\/\/www.sitri.it\/\" target=\"_blank\" rel=\"noreferrer noopener\">Sociedad Italiana de Ciencia y Restauraci&oacute;n Capilar<\/a><br>&ndash; Sociedad Japonesa de Restauraci&oacute;n Capilar Cl&iacute;nica<br>&ndash; <a href=\"http:\/\/www.kshrs.org\" data-type=\"link\" data-id=\"www.kshrs.org\" target=\"_blank\" rel=\"noopener noreferrer nofollow\">Sociedad Coreana de Cirug&iacute;a de Restauraci&oacute;n Capilar<\/a><br>&ndash; Asociaci&oacute;n Mexicana de Tricolog&iacute;a y Trasplante Capilar  <br>&ndash;  <a href=\"https:\/\/www.facebook.com\/p\/Hair-Restoration-Society-of-Pakistan-100071060503302\/\" target=\"_blank\" rel=\"noreferrer noopener\">Sociedad de Restauraci&oacute;n Capilar de Pakist&aacute;n<\/a><br>&ndash; Sociedad Paraguaya de Cirug&iacute;a de Restauraci&oacute;n Capilar<br>&ndash; Sociedad Polaca de Cirug&iacute;a de Restauraci&oacute;n Capilar<br>&ndash; <a href=\"https:\/\/rshrs.pro\/\" target=\"_blank\" rel=\"noreferrer noopener\">Sociedad Rusa de Cirug&iacute;a de Restauraci&oacute;n Capilar<\/a><br>&ndash; <a href=\"https:\/\/www.serecap.org\/\" target=\"_blank\" rel=\"noreferrer noopener\">Sociedad Espa&ntilde;ola de Restauraci&oacute;n Capilar<\/a><br>&ndash; <a href=\"http:\/\/www.sshrs.ch\/\" target=\"_blank\" rel=\"noreferrer noopener\">Sociedad Suiza de Cirug&iacute;a de Restauraci&oacute;n Capilar<\/a><br>&ndash;   <a href=\"https:\/\/www.facebook.com\/TSHRS123\/?ref=py_c\" target=\"_blank\" rel=\"noreferrer noopener\">Sociedad tailandesa de cirug&iacute;a de restauraci&oacute;n capilar<\/a><\/td><\/tr><\/tbody><\/table><\/figure>\n\n<figure class=\"wp-block-table\"><table><tbody><tr><td><strong>PROP&Oacute;SITO<\/strong><\/td><\/tr><tr><td><strong>El prop&oacute;sito del Consejo Mundial<\/strong> es crear unidad en el campo entre los l&iacute;deres de las sociedades nacionales de cirug&iacute;a de restauraci&oacute;n capilar. El Consejo Mundial proporciona un foro para el intercambio para discutir los problemas en la cirug&iacute;a de restauraci&oacute;n capilar que enfrentan varios pa&iacute;ses. <br><br>El Consejo Mundial se utiliza como caja de resonancia para pedir consejo y como apoyo para las sociedades miembro. La ISHRS puede utilizar el Consejo Mundial para evaluar las necesidades espec&iacute;ficas de los miembros de un pa&iacute;s en particular, para evaluar las tendencias y para determinar formas de atraer nuevos miembros de los distintos pa&iacute;ses. Las sociedades miembro pueden desear trabajar juntas en futuros programas educativos o ayudarse mutuamente en la promoci&oacute;n de sus reuniones (por ejemplo, intercambiando etiquetas de correo, listando las reuniones de cada uno en los boletines y sitios web de la sociedad, intercambiando enlaces de sitios web). Las sociedades miembro tambi&eacute;n pueden trabajar juntas para programar reuniones sobre el cabello de manera que no entren en conflicto entre s&iacute;.   <br><br>El Consejo Mundial se trata como un comit&eacute; de la ISHRS, en lo que respecta a su inclusi&oacute;n en el directorio de la ISHRS y a su reuni&oacute;n anual en la reuni&oacute;n anual de la ISHRS. El Consejo Mundial est&aacute; supervisado por la ISHRS. <\/td><\/tr><\/tbody><\/table><\/figure>\n\n<figure class=\"wp-block-table\"><table><tbody><tr><td><strong>REUNIONES<\/strong><\/td><\/tr><tr><td><strong>La primera reuni&oacute;n del Consejo Mundial<\/strong> se celebr&oacute; en conjunto con la 11&ordf; Reuni&oacute;n Cient&iacute;fica Anual de la ISHRS en Nueva York, en octubre de 2003. A partir de entonces, se ha celebrado una reuni&oacute;n presencial cada a&ntilde;o en el momento del Congreso Mundial de la ISHRS, excepto en 2020 durante la pandemia de COVID-19. Adem&aacute;s, el Consejo Mundial ahora se re&uacute;ne una segunda vez al a&ntilde;o a trav&eacute;s de una videoconferencia.  <\/td><\/tr><\/tbody><\/table><\/figure>\n\n<figure class=\"wp-block-table\"><table><tbody><tr><td><strong>COMPOSICI&Oacute;N<\/strong><\/td><\/tr><tr><td><strong>El Consejo Mundial est&aacute; compuesto por<\/strong> los presidentes de las sociedades nacionales\/regionales de cirug&iacute;a de restauraci&oacute;n capilar, siendo el presidente de la ISHRS el Presidente. Los presidentes de las sociedades nacionales no necesitan ser miembros de la ISHRS para ser incluidos, aunque se recomienda. Los ex presidentes inmediatos y los presidentes electos de las sociedades nacionales son bienvenidos a asistir a las reuniones para la superposici&oacute;n y la consistencia de a&ntilde;o en a&ntilde;o.  <\/td><\/tr><\/tbody><\/table><\/figure>\n\n<figure class=\"wp-block-table\"><table><tbody><tr><td><strong>BENEFICIOS PARA LAS SOCIEDADES NACIONALES<\/strong><\/td><\/tr><tr><td>1. Intercambio de experiencias. Una sociedad nacional puede haber resuelto un problema al que se enfrenta otra sociedad nacional.<br>2. Ayudar a regular el calendario de reuniones anuales coordinando de forma sensata, evitando enfrentamientos.<br>3. Publicaci&oacute;n en <em>Forum<\/em> de las reuniones de la sociedad nacional<br>4. Sistema educativo y de certificaci&oacute;n uniforme<br>5. Fuerza en n&uacute;mero para las negociaciones con otras sociedades m&eacute;dicas y organismos gubernamentales, por ejemplo, restricciones de la pr&aacute;ctica <\/td><\/tr><\/tbody><\/table><\/figure>\n\n<figure class=\"wp-block-table\"><table><tbody><tr><td><strong>BENEFICIOS DE UNA SOCIEDAD NACIONAL<\/strong><\/td><\/tr><tr><td>1. Conciencia mutua<br>2. Menos denigraci&oacute;n<br>3. Intercambio de conocimientos, intercambio de ideas<br>4. Hablar con una voz organizada<br>5. Manejo de desaf&iacute;os<br>6. Tratar con profesionales o cl&iacute;nicas que producen continuamente un mal trabajo<br>7. Educaci&oacute;n\/Certificaci&oacute;n de nuevos miembros<br>8. Mantener una cultura de CME en ese pa&iacute;s<br>9. Organizar conferencias nacionales o internacionales y talleres de cirug&iacute;a en vivo para elevar continuamente los est&aacute;ndares<br><br><a href=\"https:\/\/luchafight.ishrs.org\/wp-content\/uploads\/2019\/02\/Global-Council-Societies-2019.jpg\" data-type=\"link\" data-id=\"https:\/\/luchafight.ishrs.org\/wp-content\/uploads\/2019\/02\/Global-Council-Societies-2019.jpg\" target=\"_blank\" rel=\"noopener noreferrer nofollow\"><img loading=\"lazy\" decoding=\"async\" width=\"2024\" height=\"1139\" src=\"https:\/\/luchafight.ishrs.org\/wp-content\/uploads\/2019\/02\/Global-Council-Societies-2019.jpg\" alt=\"Sociedades del Consejo Mundial 2019\" data-pin-media=\"https:\/\/luchafight.ishrs.org\/wp-content\/uploads\/2019\/02\/Global-Council-Societies-2019.jpg\"><\/a><\/td><\/tr><\/tbody><\/table><\/figure>\n","protected":false},"excerpt":{"rendered":"<p>La Sociedad Internacional de Cirug&iacute;a de Restauraci&oacute;n Capilar (ISHRS) es la sociedad mundial y l&iacute;der en cirug&iacute;a de restauraci&oacute;n capilar. En un esfuerzo por unificar el campo, la Junta de Gobernadores de la ISHRS form&oacute; el &laquo;Consejo Mundial de Sociedades de Cirug&iacute;a de Restauraci&oacute;n Capilar&raquo; de la ISHRS en 2003. MIEMBROS DEL CONSEJO &ndash; Colegio Americano de Cirug&iacute;a de Restauraci&oacute;n &#8230; <\/p>\n<p class=\"read-more-container\"><a title=\"Consejo Mundial De Sociedades De Cirug\u00eda De Restauraci\u00f3n Capilar\" class=\"read-more button\" href=\"https:\/\/ishrs.org\/es\/quienes-somos\/global-council\/#more-351807\" aria-label=\"Leer m\u00e1s sobre Consejo Mundial De Sociedades De Cirug\u00eda De Restauraci\u00f3n Capilar\">Read more<\/a><\/p>\n","protected":false},"author":15,"featured_media":302583,"parent":351680,"menu_order":44,"comment_status":"closed","ping_status":"closed","template":"","meta":{"_stopmodifiedupdate":false,"_modified_date":"","_seopress_robots_primary_cat":"","_seopress_titles_title":"Las sociedades mundiales de restauraci\u00f3n capilar se unen: el Consejo Mundial de la ISHRS","_seopress_titles_desc":"Unificaci\u00f3n del campo a trav\u00e9s del Consejo Mundial de la ISHRS de sociedades de cirug\u00eda de restauraci\u00f3n capilar formado en 2003.","_seopress_robots_index":"","_uag_custom_page_level_css":"","footnotes":"","_links_to":"","_links_to_target":""},"class_list":{"0":"post-351807","1":"page","2":"type-page","3":"status-publish","4":"has-post-thumbnail","6":"no-featured-image-padding"},"spectra_custom_meta":{"_generate-sidebar-layout-meta":["left-sidebar"],"_wpml_media_duplicate":["1"],"_wpml_media_featured":["0"],"_top_nav_excluded":[""],"_cms_nav_minihome":[""],"_wp_page_template":["default"],"_yoast_wpseo_focuskeywords":[""],"_seopress_titles_title":["Las sociedades mundiales de restauraci\u00f3n capilar se unen: el Consejo Mundial de la ISHRS"],"_seopress_titles_desc":["Unificaci\u00f3n del campo a trav\u00e9s del Consejo Mundial de la ISHRS de sociedades de cirug\u00eda de restauraci\u00f3n capilar formado en 2003."],"_seopress_redirections_logged_status":["both"],"_seopress_redirections_type":["301"],"_last_translation_edit_mode":["native-editor"],"_wpml_word_count":["895"],"_wpml_media_has_media":["1"],"_thumbnail_id":["302583"],"_uagb_previous_block_counts":["a:90:{s:21:\"uagb\/advanced-heading\";i:0;s:15:\"uagb\/blockquote\";i:0;s:12:\"uagb\/buttons\";i:0;s:18:\"uagb\/buttons-child\";i:0;s:19:\"uagb\/call-to-action\";i:0;s:15:\"uagb\/cf7-styler\";i:0;s:11:\"uagb\/column\";i:0;s:12:\"uagb\/columns\";i:0;s:14:\"uagb\/container\";i:0;s:21:\"uagb\/content-timeline\";i:0;s:27:\"uagb\/content-timeline-child\";i:0;s:14:\"uagb\/countdown\";i:0;s:12:\"uagb\/counter\";i:0;s:8:\"uagb\/faq\";i:0;s:14:\"uagb\/faq-child\";i:0;s:10:\"uagb\/forms\";i:0;s:17:\"uagb\/forms-accept\";i:0;s:19:\"uagb\/forms-checkbox\";i:0;s:15:\"uagb\/forms-date\";i:0;s:16:\"uagb\/forms-email\";i:0;s:17:\"uagb\/forms-hidden\";i:0;s:15:\"uagb\/forms-name\";i:0;s:16:\"uagb\/forms-phone\";i:0;s:16:\"uagb\/forms-radio\";i:0;s:17:\"uagb\/forms-select\";i:0;s:19:\"uagb\/forms-textarea\";i:0;s:17:\"uagb\/forms-toggle\";i:0;s:14:\"uagb\/forms-url\";i:0;s:14:\"uagb\/gf-styler\";i:0;s:15:\"uagb\/google-map\";i:0;s:11:\"uagb\/how-to\";i:0;s:16:\"uagb\/how-to-step\";i:0;s:9:\"uagb\/icon\";i:0;s:14:\"uagb\/icon-list\";i:0;s:20:\"uagb\/icon-list-child\";i:0;s:10:\"uagb\/image\";i:0;s:18:\"uagb\/image-gallery\";i:0;s:13:\"uagb\/info-box\";i:0;s:18:\"uagb\/inline-notice\";i:0;s:11:\"uagb\/lottie\";i:0;s:21:\"uagb\/marketing-button\";i:0;s:10:\"uagb\/modal\";i:0;s:18:\"uagb\/popup-builder\";i:0;s:16:\"uagb\/post-button\";i:0;s:18:\"uagb\/post-carousel\";i:0;s:17:\"uagb\/post-excerpt\";i:0;s:14:\"uagb\/post-grid\";i:0;s:15:\"uagb\/post-image\";i:0;s:17:\"uagb\/post-masonry\";i:0;s:14:\"uagb\/post-meta\";i:0;s:18:\"uagb\/post-taxonomy\";i:0;s:18:\"uagb\/post-timeline\";i:0;s:15:\"uagb\/post-title\";i:0;s:20:\"uagb\/restaurant-menu\";i:0;s:26:\"uagb\/restaurant-menu-child\";i:0;s:11:\"uagb\/review\";i:0;s:12:\"uagb\/section\";i:0;s:14:\"uagb\/separator\";i:0;s:11:\"uagb\/slider\";i:0;s:17:\"uagb\/slider-child\";i:0;s:17:\"uagb\/social-share\";i:0;s:23:\"uagb\/social-share-child\";i:0;s:16:\"uagb\/star-rating\";i:0;s:23:\"uagb\/sure-cart-checkout\";i:0;s:22:\"uagb\/sure-cart-product\";i:0;s:15:\"uagb\/sure-forms\";i:0;s:22:\"uagb\/table-of-contents\";i:0;s:9:\"uagb\/tabs\";i:0;s:15:\"uagb\/tabs-child\";i:0;s:18:\"uagb\/taxonomy-list\";i:0;s:9:\"uagb\/team\";i:0;s:16:\"uagb\/testimonial\";i:0;s:14:\"uagb\/wp-search\";i:0;s:19:\"uagb\/instagram-feed\";i:0;s:10:\"uagb\/login\";i:0;s:17:\"uagb\/loop-builder\";i:0;s:18:\"uagb\/loop-category\";i:0;s:20:\"uagb\/loop-pagination\";i:0;s:15:\"uagb\/loop-reset\";i:0;s:16:\"uagb\/loop-search\";i:0;s:14:\"uagb\/loop-sort\";i:0;s:17:\"uagb\/loop-wrapper\";i:0;s:13:\"uagb\/register\";i:0;s:19:\"uagb\/register-email\";i:0;s:24:\"uagb\/register-first-name\";i:0;s:23:\"uagb\/register-last-name\";i:0;s:22:\"uagb\/register-password\";i:0;s:30:\"uagb\/register-reenter-password\";i:0;s:19:\"uagb\/register-terms\";i:0;s:22:\"uagb\/register-username\";i:0;}"],"_edit_lock":["1777761116:2552"],"_edit_last":["2552"],"_seopress_video":["a:1:{i:0;a:8:{s:3:\"url\";s:0:\"\";s:5:\"title\";s:0:\"\";s:4:\"desc\";s:0:\"\";s:9:\"thumbnail\";s:0:\"\";s:8:\"duration\";s:0:\"\";s:6:\"rating\";s:0:\"\";s:10:\"view_count\";s:0:\"\";s:3:\"tag\";s:0:\"\";}}"],"_seopress_analysis_target_kw":[""],"dpsp_share_options_json":["{\"custom_image\":{\"id\":\"\",\"src\":\"\"},\"custom_title\":\"\",\"custom_description\":\"\",\"custom_image_pinterest\":{\"id\":\"\",\"src\":\"\"},\"custom_title_pinterest\":\"\",\"custom_description_pinterest\":\"\",\"custom_tweet\":\"\"}"],"dpsp_share_options":["a:7:{s:12:\"custom_image\";a:2:{s:2:\"id\";s:0:\"\";s:3:\"src\";s:0:\"\";}s:12:\"custom_title\";s:0:\"\";s:18:\"custom_description\";s:0:\"\";s:22:\"custom_image_pinterest\";a:2:{s:2:\"id\";s:0:\"\";s:3:\"src\";s:0:\"\";}s:22:\"custom_title_pinterest\";s:0:\"\";s:28:\"custom_description_pinterest\";s:0:\"\";s:12:\"custom_tweet\";s:0:\"\";}"],"dpsp_post_single_previous_urls_json":["[]"],"dpsp_post_single_previous_urls":["a:0:{}"],"dpsp_networks_shares":["a:4:{s:8:\"facebook\";i:0;s:9:\"pinterest\";i:0;s:6:\"reddit\";i:0;s:7:\"twitter\";i:0;}"],"dpsp_networks_shares_json":["{\"facebook\":0,\"pinterest\":0,\"reddit\":0,\"twitter\":0}"],"dpsp_networks_shares_total":["0"],"dpsp_networks_shares_last_updated":["1777761110"],"_uag_page_assets":["a:9:{s:3:\"css\";s:0:\"\";s:2:\"js\";s:0:\"\";s:18:\"current_block_list\";a:2:{i:0;s:14:\"core\/paragraph\";i:1;s:10:\"core\/table\";}s:8:\"uag_flag\";b:0;s:11:\"uag_version\";s:10:\"1777805164\";s:6:\"gfonts\";a:0:{}s:10:\"gfonts_url\";s:0:\"\";s:12:\"gfonts_files\";a:0:{}s:14:\"uag_faq_layout\";b:0;}"]},"uagb_featured_image_src":{"full":["https:\/\/luchafight.ishrs.org\/wp-content\/uploads\/2024\/12\/globalcouncil-societies-ishrs.jpg",1200,426,false],"thumbnail":["https:\/\/luchafight.ishrs.org\/wp-content\/uploads\/2024\/12\/globalcouncil-societies-ishrs-400x400.jpg",400,400,true],"medium":["https:\/\/luchafight.ishrs.org\/wp-content\/uploads\/2024\/12\/globalcouncil-societies-ishrs-600x213.jpg",600,213,true],"medium_large":["https:\/\/luchafight.ishrs.org\/wp-content\/uploads\/2024\/12\/globalcouncil-societies-ishrs-768x273.jpg",768,273,true],"large":["https:\/\/luchafight.ishrs.org\/wp-content\/uploads\/2024\/12\/globalcouncil-societies-ishrs-1024x364.jpg",1024,364,true],"1536x1536":["https:\/\/luchafight.ishrs.org\/wp-content\/uploads\/2024\/12\/globalcouncil-societies-ishrs.jpg",1200,426,false],"2048x2048":["https:\/\/luchafight.ishrs.org\/wp-content\/uploads\/2024\/12\/globalcouncil-societies-ishrs.jpg",1200,426,false]},"uagb_author_info":{"display_name":"Editorial Staff","author_link":"https:\/\/ishrs.org\/es\/author\/blanca-mejia\/"},"uagb_comment_info":0,"uagb_excerpt":"La Sociedad Internacional de Cirug&iacute;a de Restauraci&oacute;n Capilar (ISHRS) es la sociedad mundial y l&iacute;der en cirug&iacute;a de restauraci&oacute;n capilar. En un esfuerzo por unificar el campo, la Junta de Gobernadores de la ISHRS form&oacute; el &laquo;Consejo Mundial de Sociedades de Cirug&iacute;a de Restauraci&oacute;n Capilar&raquo; de la ISHRS en 2003. MIEMBROS DEL CONSEJO &ndash; Colegio&hellip;","ase":null,"_links":{"self":[{"href":"https:\/\/ishrs.org\/es\/wp-json\/wp\/v2\/pages\/351807","targetHints":{"allow":["GET"]}}],"collection":[{"href":"https:\/\/ishrs.org\/es\/wp-json\/wp\/v2\/pages"}],"about":[{"href":"https:\/\/ishrs.org\/es\/wp-json\/wp\/v2\/types\/page"}],"author":[{"embeddable":true,"href":"https:\/\/ishrs.org\/es\/wp-json\/wp\/v2\/users\/15"}],"replies":[{"embeddable":true,"href":"https:\/\/ishrs.org\/es\/wp-json\/wp\/v2\/comments?post=351807"}],"version-history":[{"count":3,"href":"https:\/\/ishrs.org\/es\/wp-json\/wp\/v2\/pages\/351807\/revisions"}],"predecessor-version":[{"id":354220,"href":"https:\/\/ishrs.org\/es\/wp-json\/wp\/v2\/pages\/351807\/revisions\/354220"}],"up":[{"embeddable":true,"href":"https:\/\/ishrs.org\/es\/wp-json\/wp\/v2\/pages\/351680"}],"wp:featuredmedia":[{"embeddable":true,"href":"https:\/\/ishrs.org\/es\/wp-json\/wp\/v2\/media\/302583"}],"wp:attachment":[{"href":"https:\/\/ishrs.org\/es\/wp-json\/wp\/v2\/media?parent=351807"}],"curies":[{"name":"wp","href":"https:\/\/api.w.org\/{rel}","templated":true}]}}