{"id":351895,"date":"2017-08-28T21:56:35","date_gmt":"2017-08-28T21:56:35","guid":{"rendered":"https:\/\/ishrs.org\/?page_id=351895"},"modified":"2026-05-02T22:28:32","modified_gmt":"2026-05-02T22:28:32","slug":"history","status":"publish","type":"page","link":"https:\/\/ishrs.org\/es\/quienes-somos\/history\/","title":{"rendered":"Historia De La ISHRS"},"content":{"rendered":"\n<h2 class=\"wp-block-heading\">Historia de la ISHRS<\/h2>\n\n<p>La Sociedad Internacional de Cirug&iacute;a de Restauraci&oacute;n Capilar (ISHRS) es una asociaci&oacute;n m&eacute;dica global sin fines de lucro y la principal autoridad en el tratamiento y la restauraci&oacute;n de la p&eacute;rdida de cabello, con m&aacute;s de 1100 miembros en 70 pa&iacute;ses de todo el mundo.<\/p>\n\n<p>A principios de la d&eacute;cada de 1990, una nueva t&eacute;cnica en la cirug&iacute;a de restauraci&oacute;n capilar llamada <a href=\"https:\/\/ishrs.org\/patients\/glossary\/#fut\">Trasplante de unidades foliculares (FUT)<\/a> se estaba desarrollando r&aacute;pidamente. Esto estaba cambiando por completo el campo de la cirug&iacute;a de trasplante capilar porque las t&eacute;cnicas anteriores que resultaban en &laquo;injertos&raquo; estaban cambiando con t&eacute;cnicas m&aacute;s refinadas que produc&iacute;an resultados de aspecto m&aacute;s natural. En ese momento, como lo es hoy, la cirug&iacute;a de restauraci&oacute;n capilar era parte de las especialidades de Dermatolog&iacute;a y Cirug&iacute;a Pl&aacute;stica, pero ninguna de las dos especialidades adopt&oacute; y foment&oacute; verdaderamente la evoluci&oacute;n de los procedimientos. Hab&iacute;a poco enfoque en la formaci&oacute;n e investigaci&oacute;n espec&iacute;ficas. Los cirujanos considerados cualificados estaban lidiando con formas de encontrarse y comunicar protocolos y mejores pr&aacute;cticas.    <\/p>\n\n<p>La sociedad profesional fue creada en 1993 por un n&uacute;cleo inicial de cirujanos pioneros en trasplante capilar que vieron la necesidad de establecer una sociedad formal centrada en la cirug&iacute;a de restauraci&oacute;n capilar y mantener los m&aacute;s altos est&aacute;ndares de atenci&oacute;n en una especialidad emergente que estaba en su infancia. Su visi&oacute;n era crear una sociedad de miembros donde las ideas e innovaciones pudieran intercambiarse con cirujanos de todo el mundo para mejorar los resultados de los pacientes, capacitar a otros m&eacute;dicos, fomentar estudios cient&iacute;ficos y educar al p&uacute;blico sobre la cirug&iacute;a de restauraci&oacute;n capilar. <\/p>\n\n<p>Hoy en d&iacute;a, las t&eacute;cnicas de restauraci&oacute;n capilar, los instrumentos y la tecnolog&iacute;a mejorada contribuyen a resultados virtualmente indetectables. Pero la entrega de estos resultados requiere un cirujano debidamente capacitado con experiencia. La ISHRS proporciona la educaci&oacute;n de m&aacute;s alta calidad a los m&eacute;dicos, asegurando que tengan acceso a las &uacute;ltimas innovaciones e investigaciones cient&iacute;ficas relacionadas con la p&eacute;rdida de cabello y los tratamientos.  <\/p>\n\n<p>La Sociedad organiza el congreso cient&iacute;fico anual m&aacute;s grande para cirujanos de trasplante capilar en el mundo y ha acelerado enormemente el desarrollo del conocimiento y la experiencia internacionales. La ISHRS ofrece cursos de formaci&oacute;n m&eacute;dica continua de alta calidad, una revista s&oacute;lida, acceso a talleres de cirug&iacute;a en vivo y una red para que los m&eacute;dicos intercambien ideas entre s&iacute;. Al financiar la investigaci&oacute;n, la ISHRS busca establecer las mejores pr&aacute;cticas para las t&eacute;cnicas en el campo, as&iacute; como continuar avanzando en el conocimiento de la biolog&iacute;a del cabello. La ISHRS mantiene altos est&aacute;ndares &eacute;ticos.   <\/p>\n\n<p>Adem&aacute;s, la ISHRS participa activamente en los esfuerzos de promoci&oacute;n para proteger y educar a los consumidores sobre el creciente n&uacute;mero de personal sin licencia o m&eacute;dicos con una formaci&oacute;n m&iacute;nima en todo el mundo que realizan cirug&iacute;as de restauraci&oacute;n capilar, los peligros del turismo m&eacute;dico y la importancia de que los consumidores investiguen a un cirujano de trasplante capilar cualificado.<\/p>\n\n<h2 class=\"wp-block-heading\"><strong>DESCRIPCI&Oacute;N HIST&Oacute;RICA: 181 A&Ntilde;OS DE CIRUG&Iacute;A DE RESTAURACI&Oacute;N CAPILAR<\/strong><\/h2>\n\n<div class=\"wp-block-columns is-layout-flex wp-container-core-columns-is-layout-9d6595d7 wp-block-columns-is-layout-flex\">\n<div class=\"wp-block-column is-layout-flow wp-block-column-is-layout-flow\">\n<p><strong>El primer registro escrito de trasplante capilar exitoso<\/strong> para tratar la calvicie en humanos se public&oacute; en 1822 en Wurzburg, Alemania. Un estudiante de medicina llamado Diffenbach describi&oacute; la cirug&iacute;a experimental realizada por &eacute;l mismo y su mentor cirujano, el profesor Dom Unger, en animales y en humanos. Trasplantaron con &eacute;xito cabello de un &aacute;rea del cuero cabelludo de un paciente a otra &aacute;rea. Se dec&iacute;a que el profesor Unger cre&iacute;a que el trasplante capilar har&iacute;a que la calvicie fuera una rareza.   <\/p>\n\n\n\n<p>Pocas menciones adicionales de trasplante capilar aparecieron en la literatura quir&uacute;rgica durante las siguientes d&eacute;cadas, sin embargo, y pocos, si acaso, cirujanos adaptaron la t&eacute;cnica del profesor Unger para tratar la alopecia androgen&eacute;tica (calvicie de patr&oacute;n hereditario). Los procedimientos quir&uacute;rgicos que utilizan colgajos de piel con cabello e injertos se adaptaron por primera vez al tratamiento de la alopecia traum&aacute;tica (calvicie causada por quemaduras u otras lesiones f&iacute;sicas) a finales del siglo XIX. <\/p>\n\n\n\n<p>La calvicie de patr&oacute;n masculino no fue descuidada en el siglo XIX. Tuvo la atenci&oacute;n de &laquo;curanderos&raquo; que vend&iacute;an varios brebajes y panaceas que supuestamente eran curas para la calvicie cuando se frotaban en el cuero cabelludo o se sorb&iacute;an de la botella. El &laquo;curandero&raquo; famoso en la tradici&oacute;n occidental es el vendedor de aceite de serpiente con sombrero de copa que viajaba de pueblo en pueblo en su carro pintado. Los peri&oacute;dicos del siglo XIX llevaban publicidad de panaceas que afirmaban hacer de todo, desde curar el c&aacute;ncer hasta volver a poner cabello en el cuero cabelludo calvo.   <\/p>\n\n\n\n<p>Las t&eacute;cnicas quir&uacute;rgicas modernas de trasplante capilar se desarrollaron por primera vez en Jap&oacute;n en las d&eacute;cadas de 1930 y 1940, pero no llamaron la atenci&oacute;n fuera de Jap&oacute;n hasta despu&eacute;s de la Segunda Guerra Mundial. En 1939, el Dr. S. Okuda, un dermat&oacute;logo japon&eacute;s, describi&oacute; el uso de injertos de grosor total de piel con cabello de &aacute;reas con cabello a &aacute;reas sin cabello para corregir la p&eacute;rdida de cabello en el cuero cabelludo, las cejas y el labio superior. Si bien la mayor&iacute;a de los 200 pacientes que inform&oacute; fueron tratados por alopecia traum&aacute;tica, su t&eacute;cnica era casi id&eacute;ntica a la que se inform&oacute; por primera vez en los Estados Unidos en 1959 para tratar la alopecia androgen&eacute;tica. Otros cirujanos japoneses informaron sobre trasplantes capilares exitosos en &aacute;reas del cuerpo que no eran el cuero cabelludo a lo largo de las d&eacute;cadas de 1940 y 1950; al igual que con los informes del Dr. Okuda, estos fueron escritos en japon&eacute;s y no se vieron fuera de Jap&oacute;n durante muchos a&ntilde;os. Ver <a href=\"https:\/\/ishrs.org\/okuda-papers\/\" rel=\"noopener\">Okuda Papers<\/a>.    <\/p>\n<\/div>\n\n\n\n<div class=\"wp-block-column is-layout-flow wp-block-column-is-layout-flow\">\n<p>El trasplante capilar como tratamiento para la alopecia androgen&eacute;tica tom&oacute; su forma moderna en 1959 con un art&iacute;culo de Norman Orentreich, MD. El art&iacute;culo present&oacute; una t&eacute;cnica de trasplante capilar, pero lo que es igual de importante, present&oacute; una base fisiol&oacute;gica para el trasplante capilar exitoso: el concepto de &laquo;dominancia del donante&raquo; y &laquo;dominancia del receptor&raquo;. El concepto de dominancia del donante explic&oacute; los resultados contradictorios de muchos estudios de trasplante capilar anteriores.  <\/p>\n\n\n\n<p>El Dr. Orentreich demostr&oacute; que el &eacute;xito de los trasplantes capilares para la alopecia androgen&eacute;tica depende de la dominancia del donante. Los trasplantes dominantes del donante contin&uacute;an mostrando las caracter&iacute;sticas de crecimiento del cabello del cabello del sitio donante despu&eacute;s del trasplante al sitio receptor. La investigaci&oacute;n publicada en las d&eacute;cadas de 1950 y 1960 tambi&eacute;n confirm&oacute; que la llamada &laquo;calvicie de patr&oacute;n masculino&raquo; es una condici&oacute;n hereditaria, tratable mediante trasplante capilar. Estos hallazgos descartaron otras hip&oacute;tesis con respecto a la causa de la calvicie de patr&oacute;n masculino, entre ellas, la teor&iacute;a de que el movimiento de los m&uacute;sculos del cuero cabelludo, durante un largo per&iacute;odo de tiempo, incapacitar&iacute;a los fol&iacute;culos pilosos y causar&iacute;a calvicie.   <\/p>\n\n\n\n<p>El art&iacute;culo de 1959 del Dr. Orentreich marca el comienzo del trasplante capilar moderno. La ciencia y el arte del trasplante capilar han progresado juntos: la ciencia desarrollando t&eacute;cnicas para cosechar y trasplantar incluso fol&iacute;culos pilosos individuales, y el arte siguiendo los pasos de la ciencia, refinando la colocaci&oacute;n de minigrafts (3 a 5 cabellos) y micrografts (1 a 3 cabellos) para crear un aspecto completamente natural en el cuero cabelludo trasplantado. <\/p>\n\n\n\n<p>Progresando lado a lado con el trasplante capilar estaban las t&eacute;cnicas quir&uacute;rgicas para tratar la calvicie mediante:<\/p>\n\n\n\n<ul class=\"wp-block-list\">\n<li>mover colgajos de piel con cabello para cubrir &aacute;reas calvas;<\/li>\n\n\n\n<li>usar expansores de tejido para facilitar la reconstrucci&oacute;n del cuero cabelludo calvo; y,<\/li>\n\n\n\n<li>usar la cirug&iacute;a de reducci&oacute;n del cuero cabelludo para eliminar el cuero cabelludo calvo y &laquo;levantar&raquo; el cuero cabelludo con cabello para reemplazarlo.<\/li>\n<\/ul>\n<\/div>\n<\/div>\n\n<p><strong>Trasplante capilar hoy<\/strong><\/p>\n\n<p>Si bien el <strong>trasplante capilar<\/strong> ha sido un procedimiento bien aceptado durante d&eacute;cadas, los avances cient&iacute;ficos y t&eacute;cnicos han ayudado a los cirujanos de restauraci&oacute;n capilar a crear una nueva era de resultados consistentes, seguros, efectivos y, lo que es m&aacute;s importante, <strong>de aspecto natural<\/strong>. Los trasplantes <strong>&lsquo;tipo injerto&rsquo;<\/strong> de aspecto obvio del pasado han sido reemplazados por <strong>resultados vivos y crecientes que realmente desaf&iacute;an la detecci&oacute;n<\/strong>. Las <a href=\"https:\/\/ishrs.org\/hair-transplant-surgery\/\">t&eacute;cnicas e instrumentaci&oacute;n microquir&uacute;rgicas<\/a>, y la apreciaci&oacute;n art&iacute;stica de c&oacute;mo crece naturalmente el cabello, han llevado a estos avances. La identificaci&oacute;n de unidades foliculares de origen natural (grupos de principalmente uno, dos o tres fol&iacute;culos) en la piel, y la capacidad de trasplantar con &eacute;xito literalmente miles de estas agrupaciones, permite la restauraci&oacute;n del cabello en la gran mayor&iacute;a de hombres y mujeres que sufren de p&eacute;rdida de cabello hereditaria. Para los hombres o mujeres que sufren de p&eacute;rdida de cabello, se recomienda encarecidamente una consulta detallada con un m&eacute;dico especializado en restauraci&oacute;n capilar para determinar qu&eacute; tratamiento (o combinaci&oacute;n de tratamientos) les ayudar&aacute; de manera m&aacute;s eficiente y efectiva a alcanzar sus objetivos de restauraci&oacute;n capilar. Para obtener m&aacute;s detalles, vaya a <a href=\"https:\/\/ishrs.org\/about-your-hair-loss-and-what-causes-it\/\">Acerca de la p&eacute;rdida de cabello<\/a>.    <\/p>\n","protected":false},"excerpt":{"rendered":"<p>Historia de la ISHRS La Sociedad Internacional de Cirug&iacute;a de Restauraci&oacute;n Capilar (ISHRS) es una asociaci&oacute;n m&eacute;dica global sin fines de lucro y la principal autoridad en el tratamiento y la restauraci&oacute;n de la p&eacute;rdida de cabello, con m&aacute;s de 1100 miembros en 70 pa&iacute;ses de todo el mundo. A principios de la d&eacute;cada de 1990, una nueva t&eacute;cnica en &#8230; <\/p>\n<p class=\"read-more-container\"><a title=\"Historia De La ISHRS\" class=\"read-more button\" href=\"https:\/\/ishrs.org\/es\/quienes-somos\/history\/#more-351895\" aria-label=\"Leer m\u00e1s sobre Historia De La ISHRS\">Read more<\/a><\/p>\n","protected":false},"author":15,"featured_media":4863,"parent":351680,"menu_order":47,"comment_status":"closed","ping_status":"closed","template":"","meta":{"_stopmodifiedupdate":false,"_modified_date":"","_seopress_robots_primary_cat":"","_seopress_titles_title":"Explore la historia de la ISHRS: momentos clave en la cirug\u00eda de restauraci\u00f3n capilar desde 1822 hasta hoy","_seopress_titles_desc":"Disfrute de 241 a\u00f1os de historia detr\u00e1s de la cirug\u00eda de restauraci\u00f3n capilar y la Sociedad Internacional de Cirug\u00eda de Restauraci\u00f3n Capilar (ISHRS), una asociaci\u00f3n m\u00e9dica global sin fines de lucro con m\u00e1s de 1100 miembros en todo el mundo. Obtenga m\u00e1s informaci\u00f3n sobre el desarrollo de t\u00e9cnicas de trasplante capilar, instrumentos y tecnolog\u00eda mejorada, adem\u00e1s de cursos de formaci\u00f3n m\u00e9dica continua de alta calidad, acceso a talleres de cirug\u00eda en vivo y m\u00e1s.","_seopress_robots_index":"","_uag_custom_page_level_css":"","footnotes":"","_links_to":"","_links_to_target":""},"class_list":{"0":"post-351895","1":"page","2":"type-page","3":"status-publish","4":"has-post-thumbnail","6":"no-featured-image-padding"},"spectra_custom_meta":{"_generate-sidebar-layout-meta":["left-sidebar"],"_wpml_media_duplicate":["1"],"_wpml_media_featured":["0"],"_top_nav_excluded":[""],"_cms_nav_minihome":[""],"_wp_page_template":["default"],"_seopress_titles_title":["Explore la historia de la ISHRS: momentos clave en la cirug\u00eda de restauraci\u00f3n capilar desde 1822 hasta hoy"],"_seopress_titles_desc":["Disfrute de 241 a\u00f1os de historia detr\u00e1s de la cirug\u00eda de restauraci\u00f3n capilar y la Sociedad Internacional de Cirug\u00eda de Restauraci\u00f3n Capilar (ISHRS), una asociaci\u00f3n m\u00e9dica global sin fines de lucro con m\u00e1s de 1100 miembros en todo el mundo. Obtenga m\u00e1s informaci\u00f3n sobre el desarrollo de t\u00e9cnicas de trasplante capilar, instrumentos y tecnolog\u00eda mejorada, adem\u00e1s de cursos de formaci\u00f3n m\u00e9dica continua de alta calidad, acceso a talleres de cirug\u00eda en vivo y m\u00e1s."],"_last_translation_edit_mode":["native-editor"],"_wpml_word_count":["1617"],"_thumbnail_id":["4863"],"_uagb_previous_block_counts":["a:90:{s:21:\"uagb\/advanced-heading\";i:0;s:15:\"uagb\/blockquote\";i:0;s:12:\"uagb\/buttons\";i:0;s:18:\"uagb\/buttons-child\";i:0;s:19:\"uagb\/call-to-action\";i:0;s:15:\"uagb\/cf7-styler\";i:0;s:11:\"uagb\/column\";i:0;s:12:\"uagb\/columns\";i:0;s:14:\"uagb\/container\";i:0;s:21:\"uagb\/content-timeline\";i:0;s:27:\"uagb\/content-timeline-child\";i:0;s:14:\"uagb\/countdown\";i:0;s:12:\"uagb\/counter\";i:0;s:8:\"uagb\/faq\";i:0;s:14:\"uagb\/faq-child\";i:0;s:10:\"uagb\/forms\";i:0;s:17:\"uagb\/forms-accept\";i:0;s:19:\"uagb\/forms-checkbox\";i:0;s:15:\"uagb\/forms-date\";i:0;s:16:\"uagb\/forms-email\";i:0;s:17:\"uagb\/forms-hidden\";i:0;s:15:\"uagb\/forms-name\";i:0;s:16:\"uagb\/forms-phone\";i:0;s:16:\"uagb\/forms-radio\";i:0;s:17:\"uagb\/forms-select\";i:0;s:19:\"uagb\/forms-textarea\";i:0;s:17:\"uagb\/forms-toggle\";i:0;s:14:\"uagb\/forms-url\";i:0;s:14:\"uagb\/gf-styler\";i:0;s:15:\"uagb\/google-map\";i:0;s:11:\"uagb\/how-to\";i:0;s:16:\"uagb\/how-to-step\";i:0;s:9:\"uagb\/icon\";i:0;s:14:\"uagb\/icon-list\";i:0;s:20:\"uagb\/icon-list-child\";i:0;s:10:\"uagb\/image\";i:0;s:18:\"uagb\/image-gallery\";i:0;s:13:\"uagb\/info-box\";i:0;s:18:\"uagb\/inline-notice\";i:0;s:11:\"uagb\/lottie\";i:0;s:21:\"uagb\/marketing-button\";i:0;s:10:\"uagb\/modal\";i:0;s:18:\"uagb\/popup-builder\";i:0;s:16:\"uagb\/post-button\";i:0;s:18:\"uagb\/post-carousel\";i:0;s:17:\"uagb\/post-excerpt\";i:0;s:14:\"uagb\/post-grid\";i:0;s:15:\"uagb\/post-image\";i:0;s:17:\"uagb\/post-masonry\";i:0;s:14:\"uagb\/post-meta\";i:0;s:18:\"uagb\/post-taxonomy\";i:0;s:18:\"uagb\/post-timeline\";i:0;s:15:\"uagb\/post-title\";i:0;s:20:\"uagb\/restaurant-menu\";i:0;s:26:\"uagb\/restaurant-menu-child\";i:0;s:11:\"uagb\/review\";i:0;s:12:\"uagb\/section\";i:0;s:14:\"uagb\/separator\";i:0;s:11:\"uagb\/slider\";i:0;s:17:\"uagb\/slider-child\";i:0;s:17:\"uagb\/social-share\";i:0;s:23:\"uagb\/social-share-child\";i:0;s:16:\"uagb\/star-rating\";i:0;s:23:\"uagb\/sure-cart-checkout\";i:0;s:22:\"uagb\/sure-cart-product\";i:0;s:15:\"uagb\/sure-forms\";i:0;s:22:\"uagb\/table-of-contents\";i:0;s:9:\"uagb\/tabs\";i:0;s:15:\"uagb\/tabs-child\";i:0;s:18:\"uagb\/taxonomy-list\";i:0;s:9:\"uagb\/team\";i:0;s:16:\"uagb\/testimonial\";i:0;s:14:\"uagb\/wp-search\";i:0;s:19:\"uagb\/instagram-feed\";i:0;s:10:\"uagb\/login\";i:0;s:17:\"uagb\/loop-builder\";i:0;s:18:\"uagb\/loop-category\";i:0;s:20:\"uagb\/loop-pagination\";i:0;s:15:\"uagb\/loop-reset\";i:0;s:16:\"uagb\/loop-search\";i:0;s:14:\"uagb\/loop-sort\";i:0;s:17:\"uagb\/loop-wrapper\";i:0;s:13:\"uagb\/register\";i:0;s:19:\"uagb\/register-email\";i:0;s:24:\"uagb\/register-first-name\";i:0;s:23:\"uagb\/register-last-name\";i:0;s:22:\"uagb\/register-password\";i:0;s:30:\"uagb\/register-reenter-password\";i:0;s:19:\"uagb\/register-terms\";i:0;s:22:\"uagb\/register-username\";i:0;}"],"_edit_lock":["1777760970:2552"],"_edit_last":["2552"],"_wpml_media_has_media":["1"],"_seopress_redirections_type":["301"],"_seopress_redirections_logged_status":["both"],"_seopress_video":["a:1:{i:0;a:8:{s:3:\"url\";s:0:\"\";s:5:\"title\";s:0:\"\";s:4:\"desc\";s:0:\"\";s:9:\"thumbnail\";s:0:\"\";s:8:\"duration\";s:0:\"\";s:6:\"rating\";s:0:\"\";s:10:\"view_count\";s:0:\"\";s:3:\"tag\";s:0:\"\";}}"],"_seopress_analysis_target_kw":[""],"dpsp_share_options_json":["{\"custom_image\":{\"id\":\"\",\"src\":\"\"},\"custom_title\":\"\",\"custom_description\":\"\",\"custom_image_pinterest\":{\"id\":\"\",\"src\":\"\"},\"custom_title_pinterest\":\"\",\"custom_description_pinterest\":\"\",\"custom_tweet\":\"\"}"],"dpsp_share_options":["a:7:{s:12:\"custom_image\";a:2:{s:2:\"id\";s:0:\"\";s:3:\"src\";s:0:\"\";}s:12:\"custom_title\";s:0:\"\";s:18:\"custom_description\";s:0:\"\";s:22:\"custom_image_pinterest\";a:2:{s:2:\"id\";s:0:\"\";s:3:\"src\";s:0:\"\";}s:22:\"custom_title_pinterest\";s:0:\"\";s:28:\"custom_description_pinterest\";s:0:\"\";s:12:\"custom_tweet\";s:0:\"\";}"],"dpsp_post_single_previous_urls_json":["[]"],"dpsp_post_single_previous_urls":["a:0:{}"],"dpsp_networks_shares":["a:4:{s:8:\"facebook\";i:0;s:9:\"pinterest\";i:0;s:6:\"reddit\";i:0;s:7:\"twitter\";i:0;}"],"dpsp_networks_shares_json":["{\"facebook\":0,\"pinterest\":0,\"reddit\":0,\"twitter\":0}"],"dpsp_networks_shares_total":["0"],"dpsp_networks_shares_last_updated":["1777760928"],"_uag_page_assets":["a:9:{s:3:\"css\";s:0:\"\";s:2:\"js\";s:0:\"\";s:18:\"current_block_list\";a:6:{i:0;s:12:\"core\/heading\";i:1;s:14:\"core\/paragraph\";i:2;s:12:\"core\/columns\";i:3;s:11:\"core\/column\";i:4;s:9:\"core\/list\";i:5;s:14:\"core\/list-item\";}s:8:\"uag_flag\";b:0;s:11:\"uag_version\";s:10:\"1777805164\";s:6:\"gfonts\";a:0:{}s:10:\"gfonts_url\";s:0:\"\";s:12:\"gfonts_files\";a:0:{}s:14:\"uag_faq_layout\";b:0;}"]},"uagb_featured_image_src":{"full":["https:\/\/luchafight.ishrs.org\/wp-content\/uploads\/2018\/08\/history-scaled.jpg",2560,1707,false],"thumbnail":["https:\/\/luchafight.ishrs.org\/wp-content\/uploads\/2018\/08\/history-400x400.jpg",400,400,true],"medium":["https:\/\/luchafight.ishrs.org\/wp-content\/uploads\/2018\/08\/history-600x400.jpg",600,400,true],"medium_large":["https:\/\/luchafight.ishrs.org\/wp-content\/uploads\/2018\/08\/history-768x512.jpg",768,512,true],"large":["https:\/\/luchafight.ishrs.org\/wp-content\/uploads\/2018\/08\/history-1024x683.jpg",1024,683,true],"1536x1536":["https:\/\/luchafight.ishrs.org\/wp-content\/uploads\/2018\/08\/history-1536x1024.jpg",1536,1024,true],"2048x2048":["https:\/\/luchafight.ishrs.org\/wp-content\/uploads\/2018\/08\/history-2048x1365.jpg",2048,1365,true]},"uagb_author_info":{"display_name":"Editorial Staff","author_link":"https:\/\/ishrs.org\/es\/author\/blanca-mejia\/"},"uagb_comment_info":0,"uagb_excerpt":"Historia de la ISHRS La Sociedad Internacional de Cirug&iacute;a de Restauraci&oacute;n Capilar (ISHRS) es una asociaci&oacute;n m&eacute;dica global sin fines de lucro y la principal autoridad en el tratamiento y la restauraci&oacute;n de la p&eacute;rdida de cabello, con m&aacute;s de 1100 miembros en 70 pa&iacute;ses de todo el mundo. A principios de la d&eacute;cada de&hellip;","ase":null,"_links":{"self":[{"href":"https:\/\/ishrs.org\/es\/wp-json\/wp\/v2\/pages\/351895","targetHints":{"allow":["GET"]}}],"collection":[{"href":"https:\/\/ishrs.org\/es\/wp-json\/wp\/v2\/pages"}],"about":[{"href":"https:\/\/ishrs.org\/es\/wp-json\/wp\/v2\/types\/page"}],"author":[{"embeddable":true,"href":"https:\/\/ishrs.org\/es\/wp-json\/wp\/v2\/users\/15"}],"replies":[{"embeddable":true,"href":"https:\/\/ishrs.org\/es\/wp-json\/wp\/v2\/comments?post=351895"}],"version-history":[{"count":3,"href":"https:\/\/ishrs.org\/es\/wp-json\/wp\/v2\/pages\/351895\/revisions"}],"predecessor-version":[{"id":354222,"href":"https:\/\/ishrs.org\/es\/wp-json\/wp\/v2\/pages\/351895\/revisions\/354222"}],"up":[{"embeddable":true,"href":"https:\/\/ishrs.org\/es\/wp-json\/wp\/v2\/pages\/351680"}],"wp:featuredmedia":[{"embeddable":true,"href":"https:\/\/ishrs.org\/es\/wp-json\/wp\/v2\/media\/4863"}],"wp:attachment":[{"href":"https:\/\/ishrs.org\/es\/wp-json\/wp\/v2\/media?parent=351895"}],"curies":[{"name":"wp","href":"https:\/\/api.w.org\/{rel}","templated":true}]}}